{"id":634072,"date":"2026-04-07T16:32:30","date_gmt":"2026-04-07T16:32:30","guid":{"rendered":"https:\/\/aukinkochile.com\/web\/producto\/construccion-atornillar-64-pz\/"},"modified":"2026-04-07T16:32:31","modified_gmt":"2026-04-07T16:32:31","slug":"construccion-atornillar-64-pz","status":"publish","type":"product","link":"https:\/\/aukinkochile.com\/web\/producto\/construccion-atornillar-64-pz\/","title":{"rendered":"Construcci\u00f3n Atornillar 64 pz"},"content":{"rendered":"<p>Set de 64 piezas. Tornillos y tuercas de 4 colores distintos y 4 formas diferentes. Ideal para  desarrollar la motricidad, para atornillar y para la clasificaci\u00f3n. Viene en un  tonel pl\u00e1stico. 6 cm cada tornillo aprox. <\/p>\n<p><p><strong>Material : <\/strong> Pl\u00e1stico<\/p>\n<p><strong>C\u00f3digo Aukinko : <\/strong> 14-950160<\/p>\n<p><strong>C\u00f3digo Convenio Marco : <\/strong> x<\/p>\n","protected":false},"excerpt":{"rendered":"<p>Set de 64 piezas. Tornillos y tuercas de 4 colores distintos y 4 formas diferentes. Ideal para desarrollar la motricidad, para atornillar y para la clasificaci\u00f3n. Viene en un tonel pl\u00e1stico. 6 cm cada tornillo aprox. Material : Pl\u00e1stico C\u00f3digo Aukinko : 14-950160 C\u00f3digo Convenio Marco : x<\/p>\n","protected":false},"featured_media":627905,"comment_status":"open","ping_status":"closed","template":"","meta":{"_et_pb_use_builder":"","_et_pb_old_content":"","_et_gb_content_width":""},"product_brand":[],"product_cat":[91,19,7385,20],"product_tag":[],"class_list":{"0":"post-634072","1":"product","2":"type-product","3":"status-publish","4":"has-post-thumbnail","6":"product_cat-accesorios-sala","7":"product_cat-construccion","8":"product_cat-estimulacion-cognitiva-y-motora-para-adultos-mayores","9":"product_cat-motricidad-fina","10":"pa_edad-1-a-2-anos","11":"pa_edad-2-a-3-anos","12":"pa_edad-3-a-4-anos","13":"pa_marca-edx","14":"pa_medidas-36-x-1-x-28-cm","16":"first","17":"instock","18":"shipping-taxable","19":"purchasable","20":"product-type-simple"},"aioseo_notices":[],"_links":{"self":[{"href":"https:\/\/aukinkochile.com\/web\/wp-json\/wp\/v2\/product\/634072","targetHints":{"allow":["GET"]}}],"collection":[{"href":"https:\/\/aukinkochile.com\/web\/wp-json\/wp\/v2\/product"}],"about":[{"href":"https:\/\/aukinkochile.com\/web\/wp-json\/wp\/v2\/types\/product"}],"replies":[{"embeddable":true,"href":"https:\/\/aukinkochile.com\/web\/wp-json\/wp\/v2\/comments?post=634072"}],"wp:featuredmedia":[{"embeddable":true,"href":"https:\/\/aukinkochile.com\/web\/wp-json\/wp\/v2\/media\/627905"}],"wp:attachment":[{"href":"https:\/\/aukinkochile.com\/web\/wp-json\/wp\/v2\/media?parent=634072"}],"wp:term":[{"taxonomy":"product_brand","embeddable":true,"href":"https:\/\/aukinkochile.com\/web\/wp-json\/wp\/v2\/product_brand?post=634072"},{"taxonomy":"product_cat","embeddable":true,"href":"https:\/\/aukinkochile.com\/web\/wp-json\/wp\/v2\/product_cat?post=634072"},{"taxonomy":"product_tag","embeddable":true,"href":"https:\/\/aukinkochile.com\/web\/wp-json\/wp\/v2\/product_tag?post=634072"}],"curies":[{"name":"wp","href":"https:\/\/api.w.org\/{rel}","templated":true}]}}