{"id":634071,"date":"2026-04-07T16:32:29","date_gmt":"2026-04-07T16:32:29","guid":{"rendered":"https:\/\/aukinkochile.com\/web\/producto\/arrastre-madera-erizo\/"},"modified":"2026-04-07T16:32:30","modified_gmt":"2026-04-07T16:32:30","slug":"arrastre-madera-erizo","status":"publish","type":"product","link":"https:\/\/aukinkochile.com\/web\/producto\/arrastre-madera-erizo\/","title":{"rendered":"Arrastre Madera Erizo"},"content":{"rendered":"<p>Hermoso arrastre de madera para llevar a todas partes. Este simp\u00e1tico erizo fabricado en madera es ideal para ni\u00f1os y ni\u00f1as peque\u00f1as cuando comienzan a caminar. Fabricado en material suave y resistente con colores suaves.<\/p>\n<p><p><strong>Material : <\/strong> Madera<\/p>\n<p><strong>C\u00f3digo Aukinko : <\/strong> 18-244003<\/p>\n<p><strong>C\u00f3digo Convenio Marco : <\/strong> x<\/p>\n","protected":false},"excerpt":{"rendered":"<p>Hermoso arrastre de madera para llevar a todas partes. Este simp\u00e1tico erizo fabricado en madera es ideal para ni\u00f1os y ni\u00f1as peque\u00f1as cuando comienzan a caminar. Fabricado en material suave y resistente con colores suaves. Material : Madera C\u00f3digo Aukinko : 18-244003 C\u00f3digo Convenio Marco : x<\/p>\n","protected":false},"featured_media":624725,"comment_status":"open","ping_status":"closed","template":"","meta":{"_et_pb_use_builder":"","_et_pb_old_content":"","_et_gb_content_width":""},"product_brand":[],"product_cat":[91,18,23],"product_tag":[],"class_list":{"0":"post-634071","1":"product","2":"type-product","3":"status-publish","4":"has-post-thumbnail","6":"product_cat-accesorios-sala","7":"product_cat-motricidad-gruesa","8":"product_cat-primeros-anos","9":"pa_edad-1-a-2-anos","10":"pa_edad-2-a-3-anos","11":"pa_marca-polar","12":"pa_medidas-11-x-10-x-5-cm","14":"first","15":"instock","16":"shipping-taxable","17":"purchasable","18":"product-type-simple"},"aioseo_notices":[],"_links":{"self":[{"href":"https:\/\/aukinkochile.com\/web\/wp-json\/wp\/v2\/product\/634071","targetHints":{"allow":["GET"]}}],"collection":[{"href":"https:\/\/aukinkochile.com\/web\/wp-json\/wp\/v2\/product"}],"about":[{"href":"https:\/\/aukinkochile.com\/web\/wp-json\/wp\/v2\/types\/product"}],"replies":[{"embeddable":true,"href":"https:\/\/aukinkochile.com\/web\/wp-json\/wp\/v2\/comments?post=634071"}],"wp:featuredmedia":[{"embeddable":true,"href":"https:\/\/aukinkochile.com\/web\/wp-json\/wp\/v2\/media\/624725"}],"wp:attachment":[{"href":"https:\/\/aukinkochile.com\/web\/wp-json\/wp\/v2\/media?parent=634071"}],"wp:term":[{"taxonomy":"product_brand","embeddable":true,"href":"https:\/\/aukinkochile.com\/web\/wp-json\/wp\/v2\/product_brand?post=634071"},{"taxonomy":"product_cat","embeddable":true,"href":"https:\/\/aukinkochile.com\/web\/wp-json\/wp\/v2\/product_cat?post=634071"},{"taxonomy":"product_tag","embeddable":true,"href":"https:\/\/aukinkochile.com\/web\/wp-json\/wp\/v2\/product_tag?post=634071"}],"curies":[{"name":"wp","href":"https:\/\/api.w.org\/{rel}","templated":true}]}}