{"id":634070,"date":"2026-04-07T16:32:27","date_gmt":"2026-04-07T16:32:27","guid":{"rendered":"https:\/\/aukinkochile.com\/web\/producto\/titere-genero-gato-con-botas\/"},"modified":"2026-04-07T16:32:28","modified_gmt":"2026-04-07T16:32:28","slug":"titere-genero-gato-con-botas","status":"publish","type":"product","link":"https:\/\/aukinkochile.com\/web\/producto\/titere-genero-gato-con-botas\/","title":{"rendered":"T\u00edtere Genero Gato con Botas"},"content":{"rendered":"<p>T\u00edtere de genero, con cabeza dura y pelo de lana. el tama\u00f1o es ideal para la comodidad de movilidad de la mano de un ni\u00f1o. material resistente y durable. lavable.  de acabados detalles y de dise\u00f1o simple y de clara identificaci\u00f3n de personaje. <\/p>\n<p><p><strong>Material : <\/strong> Genero<\/p>\n<p><strong>C\u00f3digo Aukinko : <\/strong> 12-826413<\/p>\n<p><strong>C\u00f3digo Convenio Marco : <\/strong> x<\/p>\n","protected":false},"excerpt":{"rendered":"<p>T\u00edtere de genero, con cabeza dura y pelo de lana. el tama\u00f1o es ideal para la comodidad de movilidad de la mano de un ni\u00f1o. material resistente y durable. lavable. de acabados detalles y de dise\u00f1o simple y de clara identificaci\u00f3n de personaje. Material : Genero C\u00f3digo Aukinko : 12-826413 C\u00f3digo Convenio Marco : x<\/p>\n","protected":false},"featured_media":629447,"comment_status":"open","ping_status":"closed","template":"","meta":{"_et_pb_use_builder":"","_et_pb_old_content":"","_et_gb_content_width":""},"product_brand":[],"product_cat":[17,212],"product_tag":[],"class_list":{"0":"post-634070","1":"product","2":"type-product","3":"status-publish","4":"has-post-thumbnail","6":"product_cat-juegos-de-rol","7":"product_cat-munecos-y-figuras","8":"pa_edad-2-a-3-anos","9":"pa_edad-3-a-4-anos","10":"pa_edad-4-a-5-anos","11":"pa_edad-5-a-6-anos","12":"pa_edad-6-a-8-anos","13":"pa_edad-8-a-10-anos","14":"pa_marca-moravska","15":"pa_medidas-32-cm","17":"first","18":"instock","19":"shipping-taxable","20":"purchasable","21":"product-type-simple"},"aioseo_notices":[],"_links":{"self":[{"href":"https:\/\/aukinkochile.com\/web\/wp-json\/wp\/v2\/product\/634070","targetHints":{"allow":["GET"]}}],"collection":[{"href":"https:\/\/aukinkochile.com\/web\/wp-json\/wp\/v2\/product"}],"about":[{"href":"https:\/\/aukinkochile.com\/web\/wp-json\/wp\/v2\/types\/product"}],"replies":[{"embeddable":true,"href":"https:\/\/aukinkochile.com\/web\/wp-json\/wp\/v2\/comments?post=634070"}],"wp:featuredmedia":[{"embeddable":true,"href":"https:\/\/aukinkochile.com\/web\/wp-json\/wp\/v2\/media\/629447"}],"wp:attachment":[{"href":"https:\/\/aukinkochile.com\/web\/wp-json\/wp\/v2\/media?parent=634070"}],"wp:term":[{"taxonomy":"product_brand","embeddable":true,"href":"https:\/\/aukinkochile.com\/web\/wp-json\/wp\/v2\/product_brand?post=634070"},{"taxonomy":"product_cat","embeddable":true,"href":"https:\/\/aukinkochile.com\/web\/wp-json\/wp\/v2\/product_cat?post=634070"},{"taxonomy":"product_tag","embeddable":true,"href":"https:\/\/aukinkochile.com\/web\/wp-json\/wp\/v2\/product_tag?post=634070"}],"curies":[{"name":"wp","href":"https:\/\/api.w.org\/{rel}","templated":true}]}}