{"id":634034,"date":"2026-03-09T14:33:28","date_gmt":"2026-03-09T14:33:28","guid":{"rendered":"https:\/\/aukinkochile.com\/web\/producto\/enlazar-arbol-madera-2\/"},"modified":"2026-03-25T17:44:34","modified_gmt":"2026-03-25T17:44:34","slug":"enlazar-arbol-madera-2","status":"publish","type":"product","link":"https:\/\/aukinkochile.com\/web\/producto\/enlazar-arbol-madera-2\/","title":{"rendered":"Enlazar \u00c1rbol Madera"},"content":{"rendered":"<p>Juego de enlace que ejercita atar, desarrolla la destreza, mejora la coordinaci\u00f3n ojo-mano, introduce la noci\u00f3n de color, la forma, la direcci\u00f3n y prepara para la escritura al hacer movimientos espec\u00edficos.<\/p>\n<p><strong>Material : <\/strong> Madera<\/p>\n<p><strong>C\u00f3digo Aukinko : <\/strong> 91-019<\/p>\n<p><strong>C\u00f3digo Convenio Marco : <\/strong> x<\/p>\n","protected":false},"excerpt":{"rendered":"<p>Juego de enlace que ejercita atar, desarrolla la destreza, mejora la coordinaci\u00f3n ojo-mano, introduce la noci\u00f3n de color, la forma, la direcci\u00f3n y prepara para la escritura al hacer movimientos espec\u00edficos. Material : Madera C\u00f3digo Aukinko : 91-019 C\u00f3digo Convenio Marco : x<\/p>\n","protected":false},"featured_media":634052,"comment_status":"open","ping_status":"closed","template":"","meta":{"_et_pb_use_builder":"","_et_pb_old_content":"","_et_gb_content_width":""},"product_brand":[],"product_cat":[91,21,7385,20],"product_tag":[],"class_list":{"0":"post-634034","1":"product","2":"type-product","3":"status-publish","4":"has-post-thumbnail","6":"product_cat-accesorios-sala","7":"product_cat-arte-y-manipulacion","8":"product_cat-estimulacion-cognitiva-y-motora-para-adultos-mayores","9":"product_cat-motricidad-fina","10":"pa_edad-3-a-4-anos","11":"pa_edad-4-a-5-anos","12":"pa_marca-aukinko","13":"pa_medidas-25-x-17-cm","15":"first","16":"instock","17":"shipping-taxable","18":"purchasable","19":"product-type-simple"},"aioseo_notices":[],"_links":{"self":[{"href":"https:\/\/aukinkochile.com\/web\/wp-json\/wp\/v2\/product\/634034","targetHints":{"allow":["GET"]}}],"collection":[{"href":"https:\/\/aukinkochile.com\/web\/wp-json\/wp\/v2\/product"}],"about":[{"href":"https:\/\/aukinkochile.com\/web\/wp-json\/wp\/v2\/types\/product"}],"replies":[{"embeddable":true,"href":"https:\/\/aukinkochile.com\/web\/wp-json\/wp\/v2\/comments?post=634034"}],"wp:featuredmedia":[{"embeddable":true,"href":"https:\/\/aukinkochile.com\/web\/wp-json\/wp\/v2\/media\/634052"}],"wp:attachment":[{"href":"https:\/\/aukinkochile.com\/web\/wp-json\/wp\/v2\/media?parent=634034"}],"wp:term":[{"taxonomy":"product_brand","embeddable":true,"href":"https:\/\/aukinkochile.com\/web\/wp-json\/wp\/v2\/product_brand?post=634034"},{"taxonomy":"product_cat","embeddable":true,"href":"https:\/\/aukinkochile.com\/web\/wp-json\/wp\/v2\/product_cat?post=634034"},{"taxonomy":"product_tag","embeddable":true,"href":"https:\/\/aukinkochile.com\/web\/wp-json\/wp\/v2\/product_tag?post=634034"}],"curies":[{"name":"wp","href":"https:\/\/api.w.org\/{rel}","templated":true}]}}