{"id":634031,"date":"2026-03-09T14:33:27","date_gmt":"2026-03-09T14:33:27","guid":{"rendered":"https:\/\/aukinkochile.com\/web\/producto\/embudos-set-3\/"},"modified":"2026-03-09T14:33:28","modified_gmt":"2026-03-09T14:33:28","slug":"embudos-set-3","status":"publish","type":"product","link":"https:\/\/aukinkochile.com\/web\/producto\/embudos-set-3\/","title":{"rendered":"Embudos set 3"},"content":{"rendered":"<p>Set de 3 embudos de colores y de tres tama\u00f1os diferentes. Embudo chico 10 x 7,5 cm, mediano 12,5 x 10 cm, grande 16 x 12 cm.<\/p>\n<p><p><strong>Material : <\/strong> Pl\u00e1stico<\/p>\n<p><strong>C\u00f3digo Aukinko : <\/strong> 16-010<\/p>\n<p><strong>C\u00f3digo Convenio Marco : <\/strong> x<\/p>\n","protected":false},"excerpt":{"rendered":"<p>Set de 3 embudos de colores y de tres tama\u00f1os diferentes. Embudo chico 10 x 7,5 cm, mediano 12,5 x 10 cm, grande 16 x 12 cm. Material : Pl\u00e1stico C\u00f3digo Aukinko : 16-010 C\u00f3digo Convenio Marco : x<\/p>\n","protected":false},"featured_media":634030,"comment_status":"open","ping_status":"closed","template":"","meta":{"_et_pb_use_builder":"","_et_pb_old_content":"","_et_gb_content_width":""},"product_brand":[],"product_cat":[91,92],"product_tag":[],"class_list":{"0":"post-634031","1":"product","2":"type-product","3":"status-publish","4":"has-post-thumbnail","6":"product_cat-accesorios-sala","7":"product_cat-ciencias","8":"pa_edad-3-a-4-anos","9":"pa_edad-4-a-5-anos","10":"pa_edad-5-a-6-anos","11":"pa_edad-6-a-8-anos","12":"pa_marca-aukinko","13":"pa_medidas-16-x-12-cm","15":"first","16":"instock","17":"shipping-taxable","18":"purchasable","19":"product-type-simple"},"aioseo_notices":[],"_links":{"self":[{"href":"https:\/\/aukinkochile.com\/web\/wp-json\/wp\/v2\/product\/634031","targetHints":{"allow":["GET"]}}],"collection":[{"href":"https:\/\/aukinkochile.com\/web\/wp-json\/wp\/v2\/product"}],"about":[{"href":"https:\/\/aukinkochile.com\/web\/wp-json\/wp\/v2\/types\/product"}],"replies":[{"embeddable":true,"href":"https:\/\/aukinkochile.com\/web\/wp-json\/wp\/v2\/comments?post=634031"}],"wp:featuredmedia":[{"embeddable":true,"href":"https:\/\/aukinkochile.com\/web\/wp-json\/wp\/v2\/media\/634030"}],"wp:attachment":[{"href":"https:\/\/aukinkochile.com\/web\/wp-json\/wp\/v2\/media?parent=634031"}],"wp:term":[{"taxonomy":"product_brand","embeddable":true,"href":"https:\/\/aukinkochile.com\/web\/wp-json\/wp\/v2\/product_brand?post=634031"},{"taxonomy":"product_cat","embeddable":true,"href":"https:\/\/aukinkochile.com\/web\/wp-json\/wp\/v2\/product_cat?post=634031"},{"taxonomy":"product_tag","embeddable":true,"href":"https:\/\/aukinkochile.com\/web\/wp-json\/wp\/v2\/product_tag?post=634031"}],"curies":[{"name":"wp","href":"https:\/\/api.w.org\/{rel}","templated":true}]}}