{"id":634025,"date":"2026-03-09T14:33:26","date_gmt":"2026-03-09T14:33:26","guid":{"rendered":"https:\/\/aukinkochile.com\/web\/producto\/pinzas-jumbo-set-6-pz\/"},"modified":"2026-03-09T14:33:26","modified_gmt":"2026-03-09T14:33:26","slug":"pinzas-jumbo-set-6-pz","status":"publish","type":"product","link":"https:\/\/aukinkochile.com\/web\/producto\/pinzas-jumbo-set-6-pz\/","title":{"rendered":"Pinzas Jumbo set 6 pz"},"content":{"rendered":"<p>Set de 6 pinzas gigantes de hermosos y variados colores. Herramienta perfecta para las clases de ciencia. De forma adecuada para un f\u00e1cil agarre. Desarrolla el control motor fino para desarrollar habilidades de escritura a mano. Pinza de 15 cm c\/d una.<\/p>\n<p><p><strong>Material : <\/strong> Pl\u00e1stico<\/p>\n<p><strong>C\u00f3digo Aukinko : <\/strong> 15-8038<\/p>\n<p><strong>C\u00f3digo Convenio Marco : <\/strong> x<\/p>\n","protected":false},"excerpt":{"rendered":"<p>Set de 6 pinzas gigantes de hermosos y variados colores. Herramienta perfecta para las clases de ciencia. De forma adecuada para un f\u00e1cil agarre. Desarrolla el control motor fino para desarrollar habilidades de escritura a mano. Pinza de 15 cm c\/d una. Material : Pl\u00e1stico C\u00f3digo Aukinko : 15-8038 C\u00f3digo Convenio Marco : x<\/p>\n","protected":false},"featured_media":634024,"comment_status":"open","ping_status":"closed","template":"","meta":{"_et_pb_use_builder":"","_et_pb_old_content":"","_et_gb_content_width":""},"product_brand":[],"product_cat":[91,92],"product_tag":[],"class_list":{"0":"post-634025","1":"product","2":"type-product","3":"status-publish","4":"has-post-thumbnail","6":"product_cat-accesorios-sala","7":"product_cat-ciencias","8":"pa_edad-3-a-4-anos","9":"pa_edad-4-a-5-anos","10":"pa_edad-5-a-6-anos","11":"pa_edad-6-a-8-anos","12":"pa_marca-aukinko","13":"pa_medidas-15-x-5","14":"pa_medidas-5-x-1","15":"pa_medidas-8-cm","17":"first","18":"instock","19":"shipping-taxable","20":"purchasable","21":"product-type-simple"},"aioseo_notices":[],"_links":{"self":[{"href":"https:\/\/aukinkochile.com\/web\/wp-json\/wp\/v2\/product\/634025","targetHints":{"allow":["GET"]}}],"collection":[{"href":"https:\/\/aukinkochile.com\/web\/wp-json\/wp\/v2\/product"}],"about":[{"href":"https:\/\/aukinkochile.com\/web\/wp-json\/wp\/v2\/types\/product"}],"replies":[{"embeddable":true,"href":"https:\/\/aukinkochile.com\/web\/wp-json\/wp\/v2\/comments?post=634025"}],"wp:featuredmedia":[{"embeddable":true,"href":"https:\/\/aukinkochile.com\/web\/wp-json\/wp\/v2\/media\/634024"}],"wp:attachment":[{"href":"https:\/\/aukinkochile.com\/web\/wp-json\/wp\/v2\/media?parent=634025"}],"wp:term":[{"taxonomy":"product_brand","embeddable":true,"href":"https:\/\/aukinkochile.com\/web\/wp-json\/wp\/v2\/product_brand?post=634025"},{"taxonomy":"product_cat","embeddable":true,"href":"https:\/\/aukinkochile.com\/web\/wp-json\/wp\/v2\/product_cat?post=634025"},{"taxonomy":"product_tag","embeddable":true,"href":"https:\/\/aukinkochile.com\/web\/wp-json\/wp\/v2\/product_tag?post=634025"}],"curies":[{"name":"wp","href":"https:\/\/api.w.org\/{rel}","templated":true}]}}