{"id":634021,"date":"2026-03-09T14:33:25","date_gmt":"2026-03-09T14:33:25","guid":{"rendered":"https:\/\/aukinkochile.com\/web\/producto\/bobinas-plasticas-80-pz\/"},"modified":"2026-03-09T14:33:25","modified_gmt":"2026-03-09T14:33:25","slug":"bobinas-plasticas-80-pz","status":"publish","type":"product","link":"https:\/\/aukinkochile.com\/web\/producto\/bobinas-plasticas-80-pz\/","title":{"rendered":"Bobinas Pl\u00e1sticas 80 pz"},"content":{"rendered":"<p>80 carretes pl\u00e1sticos en 4 colores diferentes para enlazar, contar y formar secuencias. De gran calidad.<\/p>\n<p><p><strong>Material : <\/strong> Pl\u00e1stico<\/p>\n<p><strong>C\u00f3digo Aukinko : <\/strong> 14-940210<\/p>\n<p><strong>C\u00f3digo Convenio Marco : <\/strong> x<\/p>\n","protected":false},"excerpt":{"rendered":"<p>80 carretes pl\u00e1sticos en 4 colores diferentes para enlazar, contar y formar secuencias. De gran calidad. Material : Pl\u00e1stico C\u00f3digo Aukinko : 14-940210 C\u00f3digo Convenio Marco : x<\/p>\n","protected":false},"featured_media":627900,"comment_status":"open","ping_status":"closed","template":"","meta":{"_et_pb_use_builder":"","_et_pb_old_content":"","_et_gb_content_width":""},"product_brand":[],"product_cat":[91,19,20],"product_tag":[],"class_list":{"0":"post-634021","1":"product","2":"type-product","3":"status-publish","4":"has-post-thumbnail","6":"product_cat-accesorios-sala","7":"product_cat-construccion","8":"product_cat-motricidad-fina","9":"pa_edad-3-a-4-anos","10":"pa_edad-4-a-5-anos","11":"pa_edad-5-a-6-anos","12":"pa_marca-edx","13":"pa_medidas-30-x-26-x-5-cm","15":"first","16":"instock","17":"shipping-taxable","18":"purchasable","19":"product-type-simple"},"aioseo_notices":[],"_links":{"self":[{"href":"https:\/\/aukinkochile.com\/web\/wp-json\/wp\/v2\/product\/634021","targetHints":{"allow":["GET"]}}],"collection":[{"href":"https:\/\/aukinkochile.com\/web\/wp-json\/wp\/v2\/product"}],"about":[{"href":"https:\/\/aukinkochile.com\/web\/wp-json\/wp\/v2\/types\/product"}],"replies":[{"embeddable":true,"href":"https:\/\/aukinkochile.com\/web\/wp-json\/wp\/v2\/comments?post=634021"}],"wp:featuredmedia":[{"embeddable":true,"href":"https:\/\/aukinkochile.com\/web\/wp-json\/wp\/v2\/media\/627900"}],"wp:attachment":[{"href":"https:\/\/aukinkochile.com\/web\/wp-json\/wp\/v2\/media?parent=634021"}],"wp:term":[{"taxonomy":"product_brand","embeddable":true,"href":"https:\/\/aukinkochile.com\/web\/wp-json\/wp\/v2\/product_brand?post=634021"},{"taxonomy":"product_cat","embeddable":true,"href":"https:\/\/aukinkochile.com\/web\/wp-json\/wp\/v2\/product_cat?post=634021"},{"taxonomy":"product_tag","embeddable":true,"href":"https:\/\/aukinkochile.com\/web\/wp-json\/wp\/v2\/product_tag?post=634021"}],"curies":[{"name":"wp","href":"https:\/\/api.w.org\/{rel}","templated":true}]}}