{"id":634020,"date":"2026-03-09T14:33:24","date_gmt":"2026-03-09T14:33:24","guid":{"rendered":"https:\/\/aukinkochile.com\/web\/producto\/matematicas-kit-de-fichas-216-pz\/"},"modified":"2026-03-09T14:33:25","modified_gmt":"2026-03-09T14:33:25","slug":"matematicas-kit-de-fichas-216-pz","status":"publish","type":"product","link":"https:\/\/aukinkochile.com\/web\/producto\/matematicas-kit-de-fichas-216-pz\/","title":{"rendered":"Matem\u00e1ticas Kit de Fichas 216 pz"},"content":{"rendered":"<p>Maleta pl\u00e1stica con 216 fichas de cart\u00f3n grueso para trabajar los n\u00fameros y realizar operaciones matem\u00e1ticas. Todas las fichas est\u00e1n impresas en negro por el anverso y en rojo por el reverso.<\/p>\n<p><p><strong>Material : <\/strong> Cart\u00f3n Grueso<\/p>\n<p><strong>C\u00f3digo Aukinko : <\/strong> 14-732020<\/p>\n<p><strong>C\u00f3digo Convenio Marco : <\/strong> x<\/p>\n","protected":false},"excerpt":{"rendered":"<p>Maleta pl\u00e1stica con 216 fichas de cart\u00f3n grueso para trabajar los n\u00fameros y realizar operaciones matem\u00e1ticas. Todas las fichas est\u00e1n impresas en negro por el anverso y en rojo por el reverso. Material : Cart\u00f3n Grueso C\u00f3digo Aukinko : 14-732020 C\u00f3digo Convenio Marco : x<\/p>\n","protected":false},"featured_media":634019,"comment_status":"open","ping_status":"closed","template":"","meta":{"_et_pb_use_builder":"","_et_pb_old_content":"","_et_gb_content_width":""},"product_brand":[],"product_cat":[91,90],"product_tag":[],"class_list":{"0":"post-634020","1":"product","2":"type-product","3":"status-publish","4":"has-post-thumbnail","6":"product_cat-accesorios-sala","7":"product_cat-matematicas","8":"pa_edad-6-a-8-anos","9":"pa_edad-8-a-10-anos","10":"pa_marca-interdidak","11":"pa_medidas-31-x-24-x-5-cm","13":"first","14":"instock","15":"sale","16":"shipping-taxable","17":"purchasable","18":"product-type-simple"},"aioseo_notices":[],"_links":{"self":[{"href":"https:\/\/aukinkochile.com\/web\/wp-json\/wp\/v2\/product\/634020","targetHints":{"allow":["GET"]}}],"collection":[{"href":"https:\/\/aukinkochile.com\/web\/wp-json\/wp\/v2\/product"}],"about":[{"href":"https:\/\/aukinkochile.com\/web\/wp-json\/wp\/v2\/types\/product"}],"replies":[{"embeddable":true,"href":"https:\/\/aukinkochile.com\/web\/wp-json\/wp\/v2\/comments?post=634020"}],"wp:featuredmedia":[{"embeddable":true,"href":"https:\/\/aukinkochile.com\/web\/wp-json\/wp\/v2\/media\/634019"}],"wp:attachment":[{"href":"https:\/\/aukinkochile.com\/web\/wp-json\/wp\/v2\/media?parent=634020"}],"wp:term":[{"taxonomy":"product_brand","embeddable":true,"href":"https:\/\/aukinkochile.com\/web\/wp-json\/wp\/v2\/product_brand?post=634020"},{"taxonomy":"product_cat","embeddable":true,"href":"https:\/\/aukinkochile.com\/web\/wp-json\/wp\/v2\/product_cat?post=634020"},{"taxonomy":"product_tag","embeddable":true,"href":"https:\/\/aukinkochile.com\/web\/wp-json\/wp\/v2\/product_tag?post=634020"}],"curies":[{"name":"wp","href":"https:\/\/api.w.org\/{rel}","templated":true}]}}