{"id":634014,"date":"2026-03-09T14:33:22","date_gmt":"2026-03-09T14:33:22","guid":{"rendered":"https:\/\/aukinkochile.com\/web\/producto\/juego-lanzar-bolos\/"},"modified":"2026-03-09T14:33:23","modified_gmt":"2026-03-09T14:33:23","slug":"juego-lanzar-bolos","status":"publish","type":"product","link":"https:\/\/aukinkochile.com\/web\/producto\/juego-lanzar-bolos\/","title":{"rendered":"Juego Lanzar Bolos"},"content":{"rendered":"<p>Divertido juego de lanzamiento para pasar horas de diversi\u00f3n. Incluye 6 piezas en forma de x, 4 pelotas y 6 bases. Recomendado para ni\u00f1os y ni\u00f1as mayores de 4 a\u00f1os. Como juego de bolos los m\u00e1s peque\u00f1os pueden lanzar las bolas para tirar las x, como juego de lanzamiento podr\u00e1n tirarlas para que pasen por los hoyos de las x, tambi\u00e9n pueden crear sus propias reglas y juegos. Las piezas permiten construcciones variadas que hacen al juego a\u00fan m\u00e1s entretenido. <\/p>\n<p><p><strong>Material : <\/strong> Madera<\/p>\n<p><strong>C\u00f3digo Aukinko : <\/strong> 13-9412400<\/p>\n<p><strong>C\u00f3digo Convenio Marco : <\/strong> x<\/p>\n","protected":false},"excerpt":{"rendered":"<p>Divertido juego de lanzamiento para pasar horas de diversi\u00f3n. Incluye 6 piezas en forma de x, 4 pelotas y 6 bases. Recomendado para ni\u00f1os y ni\u00f1as mayores de 4 a\u00f1os. Como juego de bolos los m\u00e1s peque\u00f1os pueden lanzar las bolas para tirar las x, como juego de lanzamiento podr\u00e1n tirarlas para que pasen por [&hellip;]<\/p>\n","protected":false},"featured_media":634013,"comment_status":"open","ping_status":"closed","template":"","meta":{"_et_pb_use_builder":"","_et_pb_old_content":"","_et_gb_content_width":""},"product_brand":[],"product_cat":[91,18],"product_tag":[],"class_list":{"0":"post-634014","1":"product","2":"type-product","3":"status-publish","4":"has-post-thumbnail","6":"product_cat-accesorios-sala","7":"product_cat-motricidad-gruesa","8":"pa_edad-3-a-4-anos","9":"pa_edad-4-a-5-anos","10":"pa_edad-5-a-6-anos","11":"pa_marca-plantoys","12":"pa_medidas-28-x-19-x-6-cm","14":"first","15":"instock","16":"sale","17":"shipping-taxable","18":"purchasable","19":"product-type-simple"},"aioseo_notices":[],"_links":{"self":[{"href":"https:\/\/aukinkochile.com\/web\/wp-json\/wp\/v2\/product\/634014","targetHints":{"allow":["GET"]}}],"collection":[{"href":"https:\/\/aukinkochile.com\/web\/wp-json\/wp\/v2\/product"}],"about":[{"href":"https:\/\/aukinkochile.com\/web\/wp-json\/wp\/v2\/types\/product"}],"replies":[{"embeddable":true,"href":"https:\/\/aukinkochile.com\/web\/wp-json\/wp\/v2\/comments?post=634014"}],"wp:featuredmedia":[{"embeddable":true,"href":"https:\/\/aukinkochile.com\/web\/wp-json\/wp\/v2\/media\/634013"}],"wp:attachment":[{"href":"https:\/\/aukinkochile.com\/web\/wp-json\/wp\/v2\/media?parent=634014"}],"wp:term":[{"taxonomy":"product_brand","embeddable":true,"href":"https:\/\/aukinkochile.com\/web\/wp-json\/wp\/v2\/product_brand?post=634014"},{"taxonomy":"product_cat","embeddable":true,"href":"https:\/\/aukinkochile.com\/web\/wp-json\/wp\/v2\/product_cat?post=634014"},{"taxonomy":"product_tag","embeddable":true,"href":"https:\/\/aukinkochile.com\/web\/wp-json\/wp\/v2\/product_tag?post=634014"}],"curies":[{"name":"wp","href":"https:\/\/api.w.org\/{rel}","templated":true}]}}