{"id":634009,"date":"2026-03-09T14:33:21","date_gmt":"2026-03-09T14:33:21","guid":{"rendered":"https:\/\/aukinkochile.com\/web\/producto\/timbres-abecedario\/"},"modified":"2026-03-09T14:33:21","modified_gmt":"2026-03-09T14:33:21","slug":"timbres-abecedario","status":"publish","type":"product","link":"https:\/\/aukinkochile.com\/web\/producto\/timbres-abecedario\/","title":{"rendered":"Timbres Abecedario"},"content":{"rendered":"<p>Atractivos y divertidos para peque\u00f1os artistas. disponen de asideros de gran tama\u00f1o para facilitar su manipulaci\u00f3n. Motivan la destreza manual y la creatividad, fomentando el reconocimiento de formas y el desarrollo del vocabulario y del lenguaje de un modo natural. Se pueden utilizar con cualquier tipo de pintura.<\/p>\n<p><p><strong>Material : <\/strong> Pl\u00e1stico<\/p>\n<p><strong>C\u00f3digo Aukinko : <\/strong> 12-295220<\/p>\n<p><strong>C\u00f3digo Convenio Marco : <\/strong> x<\/p>\n","protected":false},"excerpt":{"rendered":"<p>Atractivos y divertidos para peque\u00f1os artistas. disponen de asideros de gran tama\u00f1o para facilitar su manipulaci\u00f3n. Motivan la destreza manual y la creatividad, fomentando el reconocimiento de formas y el desarrollo del vocabulario y del lenguaje de un modo natural. Se pueden utilizar con cualquier tipo de pintura. Material : Pl\u00e1stico C\u00f3digo Aukinko : 12-295220 [&hellip;]<\/p>\n","protected":false},"featured_media":630812,"comment_status":"open","ping_status":"closed","template":"","meta":{"_et_pb_use_builder":"","_et_pb_old_content":"","_et_gb_content_width":""},"product_brand":[],"product_cat":[91,21,151],"product_tag":[],"class_list":{"0":"post-634009","1":"product","2":"type-product","3":"status-publish","4":"has-post-thumbnail","6":"product_cat-accesorios-sala","7":"product_cat-arte-y-manipulacion","8":"product_cat-lenguaje","9":"pa_edad-4-a-5-anos","10":"pa_edad-5-a-6-anos","11":"pa_edad-6-a-8-anos","12":"pa_edad-8-a-10-anos","13":"pa_marca-miniland","14":"pa_medidas-54-x-31-x-3-cm-caja","16":"first","17":"instock","18":"shipping-taxable","19":"purchasable","20":"product-type-simple"},"aioseo_notices":[],"_links":{"self":[{"href":"https:\/\/aukinkochile.com\/web\/wp-json\/wp\/v2\/product\/634009","targetHints":{"allow":["GET"]}}],"collection":[{"href":"https:\/\/aukinkochile.com\/web\/wp-json\/wp\/v2\/product"}],"about":[{"href":"https:\/\/aukinkochile.com\/web\/wp-json\/wp\/v2\/types\/product"}],"replies":[{"embeddable":true,"href":"https:\/\/aukinkochile.com\/web\/wp-json\/wp\/v2\/comments?post=634009"}],"wp:featuredmedia":[{"embeddable":true,"href":"https:\/\/aukinkochile.com\/web\/wp-json\/wp\/v2\/media\/630812"}],"wp:attachment":[{"href":"https:\/\/aukinkochile.com\/web\/wp-json\/wp\/v2\/media?parent=634009"}],"wp:term":[{"taxonomy":"product_brand","embeddable":true,"href":"https:\/\/aukinkochile.com\/web\/wp-json\/wp\/v2\/product_brand?post=634009"},{"taxonomy":"product_cat","embeddable":true,"href":"https:\/\/aukinkochile.com\/web\/wp-json\/wp\/v2\/product_cat?post=634009"},{"taxonomy":"product_tag","embeddable":true,"href":"https:\/\/aukinkochile.com\/web\/wp-json\/wp\/v2\/product_tag?post=634009"}],"curies":[{"name":"wp","href":"https:\/\/api.w.org\/{rel}","templated":true}]}}