{"id":634007,"date":"2026-03-09T14:33:20","date_gmt":"2026-03-09T14:33:20","guid":{"rendered":"https:\/\/aukinkochile.com\/web\/producto\/juego-educativo-ciclos-de-vida\/"},"modified":"2026-03-09T14:33:20","modified_gmt":"2026-03-09T14:33:20","slug":"juego-educativo-ciclos-de-vida","status":"publish","type":"product","link":"https:\/\/aukinkochile.com\/web\/producto\/juego-educativo-ciclos-de-vida\/","title":{"rendered":"Juego Educativo Ciclos de Vida"},"content":{"rendered":"<p>Juego de 24 tarjetas de fotos que desarrolla destrezas en t\u00e9rminos posicionales y ling\u00fc\u00edsticos. Una gran manera de introducir a los ni\u00f1os al concepto de los ciclos de la vida del insecto, de el animal y de la planta. Los ni\u00f1os se divertir\u00e1n poniendo las cartas en secuencia y describiendo lo que sucede. Incluye gu\u00eda al profesor en 11 idiomas. De 2 a 4 jugadores. Cada tarjeta 21 x 15 cm c\/u.<\/p>\n<p><p><strong>Material : <\/strong> Cart\u00f3n Grueso<\/p>\n<p><strong>C\u00f3digo Aukinko : <\/strong> 10-354351<\/p>\n<p><strong>C\u00f3digo Convenio Marco : <\/strong> x<\/p>\n","protected":false},"excerpt":{"rendered":"<p>Juego de 24 tarjetas de fotos que desarrolla destrezas en t\u00e9rminos posicionales y ling\u00fc\u00edsticos. Una gran manera de introducir a los ni\u00f1os al concepto de los ciclos de la vida del insecto, de el animal y de la planta. Los ni\u00f1os se divertir\u00e1n poniendo las cartas en secuencia y describiendo lo que sucede. Incluye gu\u00eda [&hellip;]<\/p>\n","protected":false},"featured_media":634006,"comment_status":"open","ping_status":"closed","template":"","meta":{"_et_pb_use_builder":"","_et_pb_old_content":"","_et_gb_content_width":""},"product_brand":[],"product_cat":[91,149],"product_tag":[],"class_list":{"0":"post-634007","1":"product","2":"type-product","3":"status-publish","4":"has-post-thumbnail","6":"product_cat-accesorios-sala","7":"product_cat-juegos-de-mesa","8":"pa_edad-3-a-4-anos","9":"pa_edad-4-a-5-anos","10":"pa_edad-5-a-6-anos","11":"pa_marca-commotion","12":"pa_medidas-26-x-26-x-6-cm","14":"first","15":"instock","16":"sale","17":"shipping-taxable","18":"purchasable","19":"product-type-simple"},"aioseo_notices":[],"_links":{"self":[{"href":"https:\/\/aukinkochile.com\/web\/wp-json\/wp\/v2\/product\/634007","targetHints":{"allow":["GET"]}}],"collection":[{"href":"https:\/\/aukinkochile.com\/web\/wp-json\/wp\/v2\/product"}],"about":[{"href":"https:\/\/aukinkochile.com\/web\/wp-json\/wp\/v2\/types\/product"}],"replies":[{"embeddable":true,"href":"https:\/\/aukinkochile.com\/web\/wp-json\/wp\/v2\/comments?post=634007"}],"wp:featuredmedia":[{"embeddable":true,"href":"https:\/\/aukinkochile.com\/web\/wp-json\/wp\/v2\/media\/634006"}],"wp:attachment":[{"href":"https:\/\/aukinkochile.com\/web\/wp-json\/wp\/v2\/media?parent=634007"}],"wp:term":[{"taxonomy":"product_brand","embeddable":true,"href":"https:\/\/aukinkochile.com\/web\/wp-json\/wp\/v2\/product_brand?post=634007"},{"taxonomy":"product_cat","embeddable":true,"href":"https:\/\/aukinkochile.com\/web\/wp-json\/wp\/v2\/product_cat?post=634007"},{"taxonomy":"product_tag","embeddable":true,"href":"https:\/\/aukinkochile.com\/web\/wp-json\/wp\/v2\/product_tag?post=634007"}],"curies":[{"name":"wp","href":"https:\/\/api.w.org\/{rel}","templated":true}]}}