{"id":634003,"date":"2026-03-09T14:33:19","date_gmt":"2026-03-09T14:33:19","guid":{"rendered":"https:\/\/aukinkochile.com\/web\/producto\/matematicas-tarjetero-c-cartas-y-numeros\/"},"modified":"2026-03-09T14:33:19","modified_gmt":"2026-03-09T14:33:19","slug":"matematicas-tarjetero-c-cartas-y-numeros","status":"publish","type":"product","link":"https:\/\/aukinkochile.com\/web\/producto\/matematicas-tarjetero-c-cartas-y-numeros\/","title":{"rendered":"Matem\u00e1ticas Tarjetero c\/Cartas y N\u00fameros"},"content":{"rendered":"<p>Tarjetero de multiplicaci\u00f3n con bolsillos y tarjetas de n\u00famero para aprender y practicar la multiplicaci\u00f3n. El tarjetero pl\u00e1stico con bolsillo de 10 x 10 es resistente y de el tama\u00f1o adecuado para sala de clases.<\/p>\n<p><p><strong>Material : <\/strong> Pl\u00e1stico y Cart\u00f3n<\/p>\n<p><strong>C\u00f3digo Aukinko : <\/strong> 09-160183<\/p>\n<p><strong>C\u00f3digo Convenio Marco : <\/strong> x<\/p>\n","protected":false},"excerpt":{"rendered":"<p>Tarjetero de multiplicaci\u00f3n con bolsillos y tarjetas de n\u00famero para aprender y practicar la multiplicaci\u00f3n. El tarjetero pl\u00e1stico con bolsillo de 10 x 10 es resistente y de el tama\u00f1o adecuado para sala de clases. Material : Pl\u00e1stico y Cart\u00f3n C\u00f3digo Aukinko : 09-160183 C\u00f3digo Convenio Marco : x<\/p>\n","protected":false},"featured_media":634002,"comment_status":"open","ping_status":"closed","template":"","meta":{"_et_pb_use_builder":"","_et_pb_old_content":"","_et_gb_content_width":""},"product_brand":[],"product_cat":[91,90],"product_tag":[],"class_list":{"0":"post-634003","1":"product","2":"type-product","3":"status-publish","4":"has-post-thumbnail","6":"product_cat-accesorios-sala","7":"product_cat-matematicas","8":"pa_edad-10-anos","9":"pa_edad-6-a-8-anos","10":"pa_edad-8-a-10-anos","11":"pa_marca-palkar","12":"pa_medidas-74-x-64-tarjetero","14":"first","15":"instock","16":"sale","17":"shipping-taxable","18":"purchasable","19":"product-type-simple"},"aioseo_notices":[],"_links":{"self":[{"href":"https:\/\/aukinkochile.com\/web\/wp-json\/wp\/v2\/product\/634003","targetHints":{"allow":["GET"]}}],"collection":[{"href":"https:\/\/aukinkochile.com\/web\/wp-json\/wp\/v2\/product"}],"about":[{"href":"https:\/\/aukinkochile.com\/web\/wp-json\/wp\/v2\/types\/product"}],"replies":[{"embeddable":true,"href":"https:\/\/aukinkochile.com\/web\/wp-json\/wp\/v2\/comments?post=634003"}],"wp:featuredmedia":[{"embeddable":true,"href":"https:\/\/aukinkochile.com\/web\/wp-json\/wp\/v2\/media\/634002"}],"wp:attachment":[{"href":"https:\/\/aukinkochile.com\/web\/wp-json\/wp\/v2\/media?parent=634003"}],"wp:term":[{"taxonomy":"product_brand","embeddable":true,"href":"https:\/\/aukinkochile.com\/web\/wp-json\/wp\/v2\/product_brand?post=634003"},{"taxonomy":"product_cat","embeddable":true,"href":"https:\/\/aukinkochile.com\/web\/wp-json\/wp\/v2\/product_cat?post=634003"},{"taxonomy":"product_tag","embeddable":true,"href":"https:\/\/aukinkochile.com\/web\/wp-json\/wp\/v2\/product_tag?post=634003"}],"curies":[{"name":"wp","href":"https:\/\/api.w.org\/{rel}","templated":true}]}}