{"id":633999,"date":"2026-03-09T14:33:17","date_gmt":"2026-03-09T14:33:17","guid":{"rendered":"https:\/\/aukinkochile.com\/web\/producto\/cartas-matematicas-clasificar-numeros-11-20\/"},"modified":"2026-03-09T14:33:18","modified_gmt":"2026-03-09T14:33:18","slug":"cartas-matematicas-clasificar-numeros-11-20","status":"publish","type":"product","link":"https:\/\/aukinkochile.com\/web\/producto\/cartas-matematicas-clasificar-numeros-11-20\/","title":{"rendered":"Cartas Matem\u00e1ticas Clasificar N\u00fameros 11-20"},"content":{"rendered":"<p>Este divertido juego de tarjetas es una forma muy entretenida de desarrollar habilidades matem\u00e1ticas. Con las diferentes tarjetas de desaf\u00edos los ni\u00f1os y ni\u00f1as comenzaran a trabajar sobre la clasificaci\u00f3n de los n\u00fameros del 11 al 20, ampliando su repertorio de calculo. Un juego educativo dise\u00f1ado para el aprendizaje de la numeraci\u00f3n y cardinalidad. De material suave y duradero. Excelente calidad.<\/p>\n<p><p><strong>Material : <\/strong> Cart\u00f3n Grueso y Pl\u00e1stico<\/p>\n<p><strong>C\u00f3digo Aukinko : <\/strong> 08-34512<\/p>\n<p><strong>C\u00f3digo Convenio Marco : <\/strong> x<\/p>\n","protected":false},"excerpt":{"rendered":"<p>Este divertido juego de tarjetas es una forma muy entretenida de desarrollar habilidades matem\u00e1ticas. Con las diferentes tarjetas de desaf\u00edos los ni\u00f1os y ni\u00f1as comenzaran a trabajar sobre la clasificaci\u00f3n de los n\u00fameros del 11 al 20, ampliando su repertorio de calculo. Un juego educativo dise\u00f1ado para el aprendizaje de la numeraci\u00f3n y cardinalidad. De [&hellip;]<\/p>\n","protected":false},"featured_media":633998,"comment_status":"open","ping_status":"closed","template":"","meta":{"_et_pb_use_builder":"","_et_pb_old_content":"","_et_gb_content_width":""},"product_brand":[],"product_cat":[91,90],"product_tag":[],"class_list":{"0":"post-633999","1":"product","2":"type-product","3":"status-publish","4":"has-post-thumbnail","6":"product_cat-accesorios-sala","7":"product_cat-matematicas","8":"pa_edad-5-a-6-anos","9":"pa_edad-6-a-8-anos","10":"pa_edad-8-a-10-anos","11":"pa_marca-nienhuis","12":"pa_medidas-13-x-10-x-3-cm","14":"first","15":"instock","16":"sale","17":"shipping-taxable","18":"purchasable","19":"product-type-simple"},"aioseo_notices":[],"_links":{"self":[{"href":"https:\/\/aukinkochile.com\/web\/wp-json\/wp\/v2\/product\/633999","targetHints":{"allow":["GET"]}}],"collection":[{"href":"https:\/\/aukinkochile.com\/web\/wp-json\/wp\/v2\/product"}],"about":[{"href":"https:\/\/aukinkochile.com\/web\/wp-json\/wp\/v2\/types\/product"}],"replies":[{"embeddable":true,"href":"https:\/\/aukinkochile.com\/web\/wp-json\/wp\/v2\/comments?post=633999"}],"wp:featuredmedia":[{"embeddable":true,"href":"https:\/\/aukinkochile.com\/web\/wp-json\/wp\/v2\/media\/633998"}],"wp:attachment":[{"href":"https:\/\/aukinkochile.com\/web\/wp-json\/wp\/v2\/media?parent=633999"}],"wp:term":[{"taxonomy":"product_brand","embeddable":true,"href":"https:\/\/aukinkochile.com\/web\/wp-json\/wp\/v2\/product_brand?post=633999"},{"taxonomy":"product_cat","embeddable":true,"href":"https:\/\/aukinkochile.com\/web\/wp-json\/wp\/v2\/product_cat?post=633999"},{"taxonomy":"product_tag","embeddable":true,"href":"https:\/\/aukinkochile.com\/web\/wp-json\/wp\/v2\/product_tag?post=633999"}],"curies":[{"name":"wp","href":"https:\/\/api.w.org\/{rel}","templated":true}]}}