{"id":633997,"date":"2026-03-09T14:33:17","date_gmt":"2026-03-09T14:33:17","guid":{"rendered":"https:\/\/aukinkochile.com\/web\/producto\/cartas-matematicas-contar\/"},"modified":"2026-03-09T14:33:17","modified_gmt":"2026-03-09T14:33:17","slug":"cartas-matematicas-contar","status":"publish","type":"product","link":"https:\/\/aukinkochile.com\/web\/producto\/cartas-matematicas-contar\/","title":{"rendered":"Cartas Matem\u00e1ticas Contar"},"content":{"rendered":"<p>Este divertido juego de matem\u00e1ticas estimula el aprendizaje del conteo de una forma muy divertida. Incluye 15 cartas de pl\u00e1stico grueso en las cuales los ni\u00f1os y ni\u00f1as podr\u00e1n ver objetos diferentes y en diferentes cantidades. Permite desarrollar varios juegos diferentes poniendo en practica la matem\u00e1tica, clasificando, contando, memorizando y mucho m\u00e1s. De material suave y resistente.<\/p>\n<p><p><strong>Material : <\/strong> Pl\u00e1stico<\/p>\n<p><strong>C\u00f3digo Aukinko : <\/strong> 08-3325<\/p>\n<p><strong>C\u00f3digo Convenio Marco : <\/strong> x<\/p>\n","protected":false},"excerpt":{"rendered":"<p>Este divertido juego de matem\u00e1ticas estimula el aprendizaje del conteo de una forma muy divertida. Incluye 15 cartas de pl\u00e1stico grueso en las cuales los ni\u00f1os y ni\u00f1as podr\u00e1n ver objetos diferentes y en diferentes cantidades. Permite desarrollar varios juegos diferentes poniendo en practica la matem\u00e1tica, clasificando, contando, memorizando y mucho m\u00e1s. De material suave [&hellip;]<\/p>\n","protected":false},"featured_media":633996,"comment_status":"open","ping_status":"closed","template":"","meta":{"_et_pb_use_builder":"","_et_pb_old_content":"","_et_gb_content_width":""},"product_brand":[],"product_cat":[91,90],"product_tag":[],"class_list":{"0":"post-633997","1":"product","2":"type-product","3":"status-publish","4":"has-post-thumbnail","6":"product_cat-accesorios-sala","7":"product_cat-matematicas","8":"pa_edad-4-a-5-anos","9":"pa_edad-5-a-6-anos","10":"pa_edad-6-a-8-anos","11":"pa_marca-nienhuis","12":"pa_medidas-12-x-8-x-1","13":"pa_medidas-7-cm","15":"first","16":"instock","17":"sale","18":"shipping-taxable","19":"purchasable","20":"product-type-simple"},"aioseo_notices":[],"_links":{"self":[{"href":"https:\/\/aukinkochile.com\/web\/wp-json\/wp\/v2\/product\/633997","targetHints":{"allow":["GET"]}}],"collection":[{"href":"https:\/\/aukinkochile.com\/web\/wp-json\/wp\/v2\/product"}],"about":[{"href":"https:\/\/aukinkochile.com\/web\/wp-json\/wp\/v2\/types\/product"}],"replies":[{"embeddable":true,"href":"https:\/\/aukinkochile.com\/web\/wp-json\/wp\/v2\/comments?post=633997"}],"wp:featuredmedia":[{"embeddable":true,"href":"https:\/\/aukinkochile.com\/web\/wp-json\/wp\/v2\/media\/633996"}],"wp:attachment":[{"href":"https:\/\/aukinkochile.com\/web\/wp-json\/wp\/v2\/media?parent=633997"}],"wp:term":[{"taxonomy":"product_brand","embeddable":true,"href":"https:\/\/aukinkochile.com\/web\/wp-json\/wp\/v2\/product_brand?post=633997"},{"taxonomy":"product_cat","embeddable":true,"href":"https:\/\/aukinkochile.com\/web\/wp-json\/wp\/v2\/product_cat?post=633997"},{"taxonomy":"product_tag","embeddable":true,"href":"https:\/\/aukinkochile.com\/web\/wp-json\/wp\/v2\/product_tag?post=633997"}],"curies":[{"name":"wp","href":"https:\/\/api.w.org\/{rel}","templated":true}]}}