{"id":633995,"date":"2026-03-09T14:33:16","date_gmt":"2026-03-09T14:33:16","guid":{"rendered":"https:\/\/aukinkochile.com\/web\/producto\/cartas-asociacion-perros\/"},"modified":"2026-03-09T14:33:17","modified_gmt":"2026-03-09T14:33:17","slug":"cartas-asociacion-perros","status":"publish","type":"product","link":"https:\/\/aukinkochile.com\/web\/producto\/cartas-asociacion-perros\/","title":{"rendered":"Cartas Asociaci\u00f3n Perros"},"content":{"rendered":"<p>Este divertido juego estimula la asociaci\u00f3n de im\u00e1genes y el desarrollo del vocabulario en los m\u00e1s peque\u00f1os. Incluye 15 cartas de pl\u00e1stico grueso con im\u00e1genes de perros diferentes por ambos lados. Para jugar los ni\u00f1os y ni\u00f1as ubicar\u00e1n las cartas en la mesa con el logo pez hacia arriba, el primer jugador debe tomar una carta y darla vuelta, a partir de la imagen que muestre su carta debe elegir la que corresponde en las cartas de la mesa. Un juego de aprendizaje para el desarrollo de la observaci\u00f3n y la descripci\u00f3n de im\u00e1genes a trav\u00e9s del lenguaje. De material suave y resistente.<\/p>\n<p><p><strong>Material : <\/strong> Pl\u00e1stico<\/p>\n<p><strong>C\u00f3digo Aukinko : <\/strong> 08-3324<\/p>\n<p><strong>C\u00f3digo Convenio Marco : <\/strong> x<\/p>\n","protected":false},"excerpt":{"rendered":"<p>Este divertido juego estimula la asociaci\u00f3n de im\u00e1genes y el desarrollo del vocabulario en los m\u00e1s peque\u00f1os. Incluye 15 cartas de pl\u00e1stico grueso con im\u00e1genes de perros diferentes por ambos lados. Para jugar los ni\u00f1os y ni\u00f1as ubicar\u00e1n las cartas en la mesa con el logo pez hacia arriba, el primer jugador debe tomar una [&hellip;]<\/p>\n","protected":false},"featured_media":633994,"comment_status":"open","ping_status":"closed","template":"","meta":{"_et_pb_use_builder":"","_et_pb_old_content":"","_et_gb_content_width":""},"product_brand":[],"product_cat":[91,150],"product_tag":[],"class_list":{"0":"post-633995","1":"product","2":"type-product","3":"status-publish","4":"has-post-thumbnail","6":"product_cat-accesorios-sala","7":"product_cat-asociacion-y-logica","8":"pa_edad-4-a-5-anos","9":"pa_edad-5-a-6-anos","10":"pa_edad-6-a-8-anos","11":"pa_marca-nienhuis","12":"pa_medidas-12-x-8-x-1","13":"pa_medidas-7-cm","15":"first","16":"instock","17":"sale","18":"shipping-taxable","19":"purchasable","20":"product-type-simple"},"aioseo_notices":[],"_links":{"self":[{"href":"https:\/\/aukinkochile.com\/web\/wp-json\/wp\/v2\/product\/633995","targetHints":{"allow":["GET"]}}],"collection":[{"href":"https:\/\/aukinkochile.com\/web\/wp-json\/wp\/v2\/product"}],"about":[{"href":"https:\/\/aukinkochile.com\/web\/wp-json\/wp\/v2\/types\/product"}],"replies":[{"embeddable":true,"href":"https:\/\/aukinkochile.com\/web\/wp-json\/wp\/v2\/comments?post=633995"}],"wp:featuredmedia":[{"embeddable":true,"href":"https:\/\/aukinkochile.com\/web\/wp-json\/wp\/v2\/media\/633994"}],"wp:attachment":[{"href":"https:\/\/aukinkochile.com\/web\/wp-json\/wp\/v2\/media?parent=633995"}],"wp:term":[{"taxonomy":"product_brand","embeddable":true,"href":"https:\/\/aukinkochile.com\/web\/wp-json\/wp\/v2\/product_brand?post=633995"},{"taxonomy":"product_cat","embeddable":true,"href":"https:\/\/aukinkochile.com\/web\/wp-json\/wp\/v2\/product_cat?post=633995"},{"taxonomy":"product_tag","embeddable":true,"href":"https:\/\/aukinkochile.com\/web\/wp-json\/wp\/v2\/product_tag?post=633995"}],"curies":[{"name":"wp","href":"https:\/\/api.w.org\/{rel}","templated":true}]}}