{"id":633991,"date":"2026-03-09T14:33:15","date_gmt":"2026-03-09T14:33:15","guid":{"rendered":"https:\/\/aukinkochile.com\/web\/producto\/juego-educativo-asociacion-accion-y-reaccion\/"},"modified":"2026-03-09T14:33:16","modified_gmt":"2026-03-09T14:33:16","slug":"juego-educativo-asociacion-accion-y-reaccion","status":"publish","type":"product","link":"https:\/\/aukinkochile.com\/web\/producto\/juego-educativo-asociacion-accion-y-reaccion\/","title":{"rendered":"Juego Educativo Asociaci\u00f3n Acci\u00f3n y Reacci\u00f3n"},"content":{"rendered":"<p>Juego para practicar hacer conexiones l\u00f3gicas y poder decirlo en palabras. Contiene una base de madera de 47 x 28 cm. 6 planillas pl\u00e1sticas y 36 cartas de figuras.<\/p>\n<p><p><strong>Material : <\/strong> Madera y Pl\u00e1stico<\/p>\n<p><strong>C\u00f3digo Aukinko : <\/strong> 08-1909908<\/p>\n<p><strong>C\u00f3digo Convenio Marco : <\/strong> x<\/p>\n","protected":false},"excerpt":{"rendered":"<p>Juego para practicar hacer conexiones l\u00f3gicas y poder decirlo en palabras. Contiene una base de madera de 47 x 28 cm. 6 planillas pl\u00e1sticas y 36 cartas de figuras. Material : Madera y Pl\u00e1stico C\u00f3digo Aukinko : 08-1909908 C\u00f3digo Convenio Marco : x<\/p>\n","protected":false},"featured_media":633990,"comment_status":"open","ping_status":"closed","template":"","meta":{"_et_pb_use_builder":"","_et_pb_old_content":"","_et_gb_content_width":""},"product_brand":[],"product_cat":[91,150,149,151],"product_tag":[],"class_list":{"0":"post-633991","1":"product","2":"type-product","3":"status-publish","4":"has-post-thumbnail","6":"product_cat-accesorios-sala","7":"product_cat-asociacion-y-logica","8":"product_cat-juegos-de-mesa","9":"product_cat-lenguaje","10":"pa_edad-4-a-5-anos","11":"pa_edad-5-a-6-anos","12":"pa_marca-jegro","13":"pa_medidas-47-x-28-cm","15":"first","16":"instock","17":"sale","18":"shipping-taxable","19":"purchasable","20":"product-type-simple"},"aioseo_notices":[],"_links":{"self":[{"href":"https:\/\/aukinkochile.com\/web\/wp-json\/wp\/v2\/product\/633991","targetHints":{"allow":["GET"]}}],"collection":[{"href":"https:\/\/aukinkochile.com\/web\/wp-json\/wp\/v2\/product"}],"about":[{"href":"https:\/\/aukinkochile.com\/web\/wp-json\/wp\/v2\/types\/product"}],"replies":[{"embeddable":true,"href":"https:\/\/aukinkochile.com\/web\/wp-json\/wp\/v2\/comments?post=633991"}],"wp:featuredmedia":[{"embeddable":true,"href":"https:\/\/aukinkochile.com\/web\/wp-json\/wp\/v2\/media\/633990"}],"wp:attachment":[{"href":"https:\/\/aukinkochile.com\/web\/wp-json\/wp\/v2\/media?parent=633991"}],"wp:term":[{"taxonomy":"product_brand","embeddable":true,"href":"https:\/\/aukinkochile.com\/web\/wp-json\/wp\/v2\/product_brand?post=633991"},{"taxonomy":"product_cat","embeddable":true,"href":"https:\/\/aukinkochile.com\/web\/wp-json\/wp\/v2\/product_cat?post=633991"},{"taxonomy":"product_tag","embeddable":true,"href":"https:\/\/aukinkochile.com\/web\/wp-json\/wp\/v2\/product_tag?post=633991"}],"curies":[{"name":"wp","href":"https:\/\/api.w.org\/{rel}","templated":true}]}}