{"id":633989,"date":"2026-03-09T14:33:15","date_gmt":"2026-03-09T14:33:15","guid":{"rendered":"https:\/\/aukinkochile.com\/web\/producto\/matematicas-seguir-el-lazo\/"},"modified":"2026-03-09T14:33:15","modified_gmt":"2026-03-09T14:33:15","slug":"matematicas-seguir-el-lazo","status":"publish","type":"product","link":"https:\/\/aukinkochile.com\/web\/producto\/matematicas-seguir-el-lazo\/","title":{"rendered":"Matem\u00e1ticas Seguir el Lazo"},"content":{"rendered":"<p>10 planchas de pl\u00e1stico de 19 x 6 cm con sacados y figuras para conectar con el lazo. Incluye 4 cordeles de algod\u00f3n y bolsa de genero.<\/p>\n<p><p><strong>Material : <\/strong> Pl\u00e1stico y Genero<\/p>\n<p><strong>C\u00f3digo Aukinko : <\/strong> 08-1905071<\/p>\n<p><strong>C\u00f3digo Convenio Marco : <\/strong> x<\/p>\n","protected":false},"excerpt":{"rendered":"<p>10 planchas de pl\u00e1stico de 19 x 6 cm con sacados y figuras para conectar con el lazo. Incluye 4 cordeles de algod\u00f3n y bolsa de genero. Material : Pl\u00e1stico y Genero C\u00f3digo Aukinko : 08-1905071 C\u00f3digo Convenio Marco : x<\/p>\n","protected":false},"featured_media":633988,"comment_status":"open","ping_status":"closed","template":"","meta":{"_et_pb_use_builder":"","_et_pb_old_content":"","_et_gb_content_width":""},"product_brand":[],"product_cat":[91,150,90],"product_tag":[],"class_list":{"0":"post-633989","1":"product","2":"type-product","3":"status-publish","4":"has-post-thumbnail","6":"product_cat-accesorios-sala","7":"product_cat-asociacion-y-logica","8":"product_cat-matematicas","9":"pa_edad-5-a-6-anos","10":"pa_edad-6-a-8-anos","11":"pa_marca-jegro","12":"pa_medidas-19-x-10-cm","14":"first","15":"instock","16":"sale","17":"shipping-taxable","18":"purchasable","19":"product-type-simple"},"aioseo_notices":[],"_links":{"self":[{"href":"https:\/\/aukinkochile.com\/web\/wp-json\/wp\/v2\/product\/633989","targetHints":{"allow":["GET"]}}],"collection":[{"href":"https:\/\/aukinkochile.com\/web\/wp-json\/wp\/v2\/product"}],"about":[{"href":"https:\/\/aukinkochile.com\/web\/wp-json\/wp\/v2\/types\/product"}],"replies":[{"embeddable":true,"href":"https:\/\/aukinkochile.com\/web\/wp-json\/wp\/v2\/comments?post=633989"}],"wp:featuredmedia":[{"embeddable":true,"href":"https:\/\/aukinkochile.com\/web\/wp-json\/wp\/v2\/media\/633988"}],"wp:attachment":[{"href":"https:\/\/aukinkochile.com\/web\/wp-json\/wp\/v2\/media?parent=633989"}],"wp:term":[{"taxonomy":"product_brand","embeddable":true,"href":"https:\/\/aukinkochile.com\/web\/wp-json\/wp\/v2\/product_brand?post=633989"},{"taxonomy":"product_cat","embeddable":true,"href":"https:\/\/aukinkochile.com\/web\/wp-json\/wp\/v2\/product_cat?post=633989"},{"taxonomy":"product_tag","embeddable":true,"href":"https:\/\/aukinkochile.com\/web\/wp-json\/wp\/v2\/product_tag?post=633989"}],"curies":[{"name":"wp","href":"https:\/\/api.w.org\/{rel}","templated":true}]}}