{"id":633987,"date":"2026-03-09T14:33:14","date_gmt":"2026-03-09T14:33:14","guid":{"rendered":"https:\/\/aukinkochile.com\/web\/producto\/juego-discriminacion-visual-2\/"},"modified":"2026-03-09T14:33:15","modified_gmt":"2026-03-09T14:33:15","slug":"juego-discriminacion-visual-2","status":"publish","type":"product","link":"https:\/\/aukinkochile.com\/web\/producto\/juego-discriminacion-visual-2\/","title":{"rendered":"Juego Discriminaci\u00f3n Visual 2"},"content":{"rendered":"<p>Juego con base de madera de 28 x 28  y caja de madera con 8 cartas pl\u00e1sticas y 64 fichas. Con ejercicios de cantidad y parte entera, con posibilidad de ver la respuesta de una forma \u00fanica. Estimula la orientaci\u00f3n derecha izquierda, desarrolla el pensamiento anal\u00edtico, estimula el trabajo independiente y ense\u00f1a a discriminar colores y tama\u00f1os.<\/p>\n<p><p><strong>Material : <\/strong> Madera y Pl\u00e1stico<\/p>\n<p><strong>C\u00f3digo Aukinko : <\/strong> 08-1901160<\/p>\n<p><strong>C\u00f3digo Convenio Marco : <\/strong> x<\/p>\n","protected":false},"excerpt":{"rendered":"<p>Juego con base de madera de 28 x 28 y caja de madera con 8 cartas pl\u00e1sticas y 64 fichas. Con ejercicios de cantidad y parte entera, con posibilidad de ver la respuesta de una forma \u00fanica. Estimula la orientaci\u00f3n derecha izquierda, desarrolla el pensamiento anal\u00edtico, estimula el trabajo independiente y ense\u00f1a a discriminar colores [&hellip;]<\/p>\n","protected":false},"featured_media":633986,"comment_status":"open","ping_status":"closed","template":"","meta":{"_et_pb_use_builder":"","_et_pb_old_content":"","_et_gb_content_width":""},"product_brand":[],"product_cat":[91,149,151],"product_tag":[],"class_list":{"0":"post-633987","1":"product","2":"type-product","3":"status-publish","4":"has-post-thumbnail","6":"product_cat-accesorios-sala","7":"product_cat-juegos-de-mesa","8":"product_cat-lenguaje","9":"pa_edad-5-a-6-anos","10":"pa_edad-6-a-8-anos","11":"pa_marca-jegro","12":"pa_medidas-4563","13":"pa_medidas-5-cm-caja","14":"pa_medidas-5-x-11-x-6","15":"pa_medidas-base-de-28-x-28-cm","17":"first","18":"instock","19":"sale","20":"shipping-taxable","21":"purchasable","22":"product-type-simple"},"aioseo_notices":[],"_links":{"self":[{"href":"https:\/\/aukinkochile.com\/web\/wp-json\/wp\/v2\/product\/633987","targetHints":{"allow":["GET"]}}],"collection":[{"href":"https:\/\/aukinkochile.com\/web\/wp-json\/wp\/v2\/product"}],"about":[{"href":"https:\/\/aukinkochile.com\/web\/wp-json\/wp\/v2\/types\/product"}],"replies":[{"embeddable":true,"href":"https:\/\/aukinkochile.com\/web\/wp-json\/wp\/v2\/comments?post=633987"}],"wp:featuredmedia":[{"embeddable":true,"href":"https:\/\/aukinkochile.com\/web\/wp-json\/wp\/v2\/media\/633986"}],"wp:attachment":[{"href":"https:\/\/aukinkochile.com\/web\/wp-json\/wp\/v2\/media?parent=633987"}],"wp:term":[{"taxonomy":"product_brand","embeddable":true,"href":"https:\/\/aukinkochile.com\/web\/wp-json\/wp\/v2\/product_brand?post=633987"},{"taxonomy":"product_cat","embeddable":true,"href":"https:\/\/aukinkochile.com\/web\/wp-json\/wp\/v2\/product_cat?post=633987"},{"taxonomy":"product_tag","embeddable":true,"href":"https:\/\/aukinkochile.com\/web\/wp-json\/wp\/v2\/product_tag?post=633987"}],"curies":[{"name":"wp","href":"https:\/\/api.w.org\/{rel}","templated":true}]}}