{"id":633981,"date":"2026-03-09T14:33:13","date_gmt":"2026-03-09T14:33:13","guid":{"rendered":"https:\/\/aukinkochile.com\/web\/producto\/encaje-madera-animales\/"},"modified":"2026-03-09T14:33:13","modified_gmt":"2026-03-09T14:33:13","slug":"encaje-madera-animales","status":"publish","type":"product","link":"https:\/\/aukinkochile.com\/web\/producto\/encaje-madera-animales\/","title":{"rendered":"Encaje Madera Animales"},"content":{"rendered":"<p>Encaje de animales de madera en plantillas pl\u00e1sticas. 5 diferentes plantillas pl\u00e1sticas y 15 animales de madera de colores. La planilla se monta en la caja para un adecuado encaje. Muchas maderas de encajar y descubrir.<\/p>\n<p><p><strong>Material : <\/strong> Madera y Pl\u00e1stico<\/p>\n<p><strong>C\u00f3digo Aukinko : <\/strong> 08-14004<\/p>\n<p><strong>C\u00f3digo Convenio Marco : <\/strong> x<\/p>\n","protected":false},"excerpt":{"rendered":"<p>Encaje de animales de madera en plantillas pl\u00e1sticas. 5 diferentes plantillas pl\u00e1sticas y 15 animales de madera de colores. La planilla se monta en la caja para un adecuado encaje. Muchas maderas de encajar y descubrir. Material : Madera y Pl\u00e1stico C\u00f3digo Aukinko : 08-14004 C\u00f3digo Convenio Marco : x<\/p>\n","protected":false},"featured_media":633980,"comment_status":"open","ping_status":"closed","template":"","meta":{"_et_pb_use_builder":"","_et_pb_old_content":"","_et_gb_content_width":""},"product_brand":[],"product_cat":[91,19,22],"product_tag":[],"class_list":{"0":"post-633981","1":"product","2":"type-product","3":"status-publish","4":"has-post-thumbnail","6":"product_cat-accesorios-sala","7":"product_cat-construccion","8":"product_cat-puzzles","9":"pa_edad-3-a-4-anos","10":"pa_edad-4-a-5-anos","11":"pa_marca-jegro","12":"pa_medidas-21-x-18-cm-caja-madera","14":"first","15":"instock","16":"sale","17":"shipping-taxable","18":"purchasable","19":"product-type-simple"},"aioseo_notices":[],"_links":{"self":[{"href":"https:\/\/aukinkochile.com\/web\/wp-json\/wp\/v2\/product\/633981","targetHints":{"allow":["GET"]}}],"collection":[{"href":"https:\/\/aukinkochile.com\/web\/wp-json\/wp\/v2\/product"}],"about":[{"href":"https:\/\/aukinkochile.com\/web\/wp-json\/wp\/v2\/types\/product"}],"replies":[{"embeddable":true,"href":"https:\/\/aukinkochile.com\/web\/wp-json\/wp\/v2\/comments?post=633981"}],"wp:featuredmedia":[{"embeddable":true,"href":"https:\/\/aukinkochile.com\/web\/wp-json\/wp\/v2\/media\/633980"}],"wp:attachment":[{"href":"https:\/\/aukinkochile.com\/web\/wp-json\/wp\/v2\/media?parent=633981"}],"wp:term":[{"taxonomy":"product_brand","embeddable":true,"href":"https:\/\/aukinkochile.com\/web\/wp-json\/wp\/v2\/product_brand?post=633981"},{"taxonomy":"product_cat","embeddable":true,"href":"https:\/\/aukinkochile.com\/web\/wp-json\/wp\/v2\/product_cat?post=633981"},{"taxonomy":"product_tag","embeddable":true,"href":"https:\/\/aukinkochile.com\/web\/wp-json\/wp\/v2\/product_tag?post=633981"}],"curies":[{"name":"wp","href":"https:\/\/api.w.org\/{rel}","templated":true}]}}