{"id":633979,"date":"2026-03-09T14:33:12","date_gmt":"2026-03-09T14:33:12","guid":{"rendered":"https:\/\/aukinkochile.com\/web\/producto\/matematica-piramide-numeros\/"},"modified":"2026-04-07T16:26:54","modified_gmt":"2026-04-07T16:26:54","slug":"matematica-piramide-numeros","status":"publish","type":"product","link":"https:\/\/aukinkochile.com\/web\/producto\/matematica-piramide-numeros\/","title":{"rendered":"Matem\u00e1tica Pir\u00e1mide N\u00fameros"},"content":{"rendered":"<p>Divertido juego de asociaci\u00f3n y l\u00f3gica en el cual los jugadores deber\u00e1n armar diferentes formas con las piezas cuadradas con diferentes motivos. Una forma creativa de acercar a los m\u00e1s peque\u00f1os a la abstracci\u00f3n en la imagen. Incluye 100 piezas. De material suave y resistente.<\/p>\n<p><p><strong>Material : <\/strong> Madera y Pl\u00e1stico<\/p>\n<p><strong>C\u00f3digo Aukinko : <\/strong> 07-2707<\/p>\n<p><strong>C\u00f3digo Convenio Marco : <\/strong> x<\/p>\n","protected":false},"excerpt":{"rendered":"<p>Divertido juego de asociaci\u00f3n y l\u00f3gica en el cual los jugadores deber\u00e1n armar diferentes formas con las piezas cuadradas con diferentes motivos. Una forma creativa de acercar a los m\u00e1s peque\u00f1os a la abstracci\u00f3n en la imagen. Incluye 100 piezas. De material suave y resistente. Material : Madera y Pl\u00e1stico C\u00f3digo Aukinko : 07-2707 C\u00f3digo [&hellip;]<\/p>\n","protected":false},"featured_media":633978,"comment_status":"open","ping_status":"closed","template":"","meta":{"_et_pb_use_builder":"","_et_pb_old_content":"","_et_gb_content_width":""},"product_brand":[],"product_cat":[91,150,90],"product_tag":[],"class_list":{"0":"post-633979","1":"product","2":"type-product","3":"status-publish","4":"has-post-thumbnail","6":"product_cat-accesorios-sala","7":"product_cat-asociacion-y-logica","8":"product_cat-matematicas","9":"pa_edad-5-a-6-anos","10":"pa_edad-6-a-8-anos","11":"pa_edad-8-a-10-anos","12":"pa_marca-spectra","13":"pa_medidas-4320","14":"pa_medidas-5-cm","15":"pa_medidas-5-x-16","16":"pa_medidas-5-x-5","18":"first","19":"instock","20":"shipping-taxable","21":"purchasable","22":"product-type-simple"},"aioseo_notices":[],"_links":{"self":[{"href":"https:\/\/aukinkochile.com\/web\/wp-json\/wp\/v2\/product\/633979","targetHints":{"allow":["GET"]}}],"collection":[{"href":"https:\/\/aukinkochile.com\/web\/wp-json\/wp\/v2\/product"}],"about":[{"href":"https:\/\/aukinkochile.com\/web\/wp-json\/wp\/v2\/types\/product"}],"replies":[{"embeddable":true,"href":"https:\/\/aukinkochile.com\/web\/wp-json\/wp\/v2\/comments?post=633979"}],"wp:featuredmedia":[{"embeddable":true,"href":"https:\/\/aukinkochile.com\/web\/wp-json\/wp\/v2\/media\/633978"}],"wp:attachment":[{"href":"https:\/\/aukinkochile.com\/web\/wp-json\/wp\/v2\/media?parent=633979"}],"wp:term":[{"taxonomy":"product_brand","embeddable":true,"href":"https:\/\/aukinkochile.com\/web\/wp-json\/wp\/v2\/product_brand?post=633979"},{"taxonomy":"product_cat","embeddable":true,"href":"https:\/\/aukinkochile.com\/web\/wp-json\/wp\/v2\/product_cat?post=633979"},{"taxonomy":"product_tag","embeddable":true,"href":"https:\/\/aukinkochile.com\/web\/wp-json\/wp\/v2\/product_tag?post=633979"}],"curies":[{"name":"wp","href":"https:\/\/api.w.org\/{rel}","templated":true}]}}