{"id":633977,"date":"2026-03-09T14:33:11","date_gmt":"2026-03-09T14:33:11","guid":{"rendered":"https:\/\/aukinkochile.com\/web\/producto\/juego-motricidad-pasado\/"},"modified":"2026-04-07T16:26:53","modified_gmt":"2026-04-07T16:26:53","slug":"juego-motricidad-pasado","status":"publish","type":"product","link":"https:\/\/aukinkochile.com\/web\/producto\/juego-motricidad-pasado\/","title":{"rendered":"Juego Motricidad Pasado"},"content":{"rendered":"<p>Emocionante juego de habilidad. Con sus discos de juego, los jugadores tratan de maniobrar sus bolas en el tablero redondo. La dificultad es que tanto los discos como la junta tiene muchos agujeros. Juego de motricidad de excelente calidad y dise\u00f1o.<\/p>\n<p><p><strong>Material : <\/strong> Madera<\/p>\n<p><strong>C\u00f3digo Aukinko : <\/strong> 07-23039<\/p>\n<p><strong>C\u00f3digo Convenio Marco : <\/strong> x<\/p>\n","protected":false},"excerpt":{"rendered":"<p>Emocionante juego de habilidad. Con sus discos de juego, los jugadores tratan de maniobrar sus bolas en el tablero redondo. La dificultad es que tanto los discos como la junta tiene muchos agujeros. Juego de motricidad de excelente calidad y dise\u00f1o. Material : Madera C\u00f3digo Aukinko : 07-23039 C\u00f3digo Convenio Marco : x<\/p>\n","protected":false},"featured_media":633976,"comment_status":"open","ping_status":"closed","template":"","meta":{"_et_pb_use_builder":"","_et_pb_old_content":"","_et_gb_content_width":""},"product_brand":[],"product_cat":[91,18],"product_tag":[],"class_list":{"0":"post-633977","1":"product","2":"type-product","3":"status-publish","4":"has-post-thumbnail","6":"product_cat-accesorios-sala","7":"product_cat-motricidad-gruesa","8":"pa_edad-10-anos","9":"pa_edad-4-a-5-anos","10":"pa_edad-5-a-6-anos","11":"pa_edad-6-a-8-anos","12":"pa_edad-8-a-10-anos","13":"pa_marca-spectra","14":"pa_medidas-37-x-37","15":"pa_medidas-5-cm","16":"pa_medidas-8-x-3","18":"first","19":"instock","20":"shipping-taxable","21":"purchasable","22":"product-type-simple"},"aioseo_notices":[],"_links":{"self":[{"href":"https:\/\/aukinkochile.com\/web\/wp-json\/wp\/v2\/product\/633977","targetHints":{"allow":["GET"]}}],"collection":[{"href":"https:\/\/aukinkochile.com\/web\/wp-json\/wp\/v2\/product"}],"about":[{"href":"https:\/\/aukinkochile.com\/web\/wp-json\/wp\/v2\/types\/product"}],"replies":[{"embeddable":true,"href":"https:\/\/aukinkochile.com\/web\/wp-json\/wp\/v2\/comments?post=633977"}],"wp:featuredmedia":[{"embeddable":true,"href":"https:\/\/aukinkochile.com\/web\/wp-json\/wp\/v2\/media\/633976"}],"wp:attachment":[{"href":"https:\/\/aukinkochile.com\/web\/wp-json\/wp\/v2\/media?parent=633977"}],"wp:term":[{"taxonomy":"product_brand","embeddable":true,"href":"https:\/\/aukinkochile.com\/web\/wp-json\/wp\/v2\/product_brand?post=633977"},{"taxonomy":"product_cat","embeddable":true,"href":"https:\/\/aukinkochile.com\/web\/wp-json\/wp\/v2\/product_cat?post=633977"},{"taxonomy":"product_tag","embeddable":true,"href":"https:\/\/aukinkochile.com\/web\/wp-json\/wp\/v2\/product_tag?post=633977"}],"curies":[{"name":"wp","href":"https:\/\/api.w.org\/{rel}","templated":true}]}}