{"id":633975,"date":"2026-03-09T14:33:11","date_gmt":"2026-03-09T14:33:11","guid":{"rendered":"https:\/\/aukinkochile.com\/web\/producto\/matematica-magico-9\/"},"modified":"2026-04-07T16:26:52","modified_gmt":"2026-04-07T16:26:52","slug":"matematica-magico-9","status":"publish","type":"product","link":"https:\/\/aukinkochile.com\/web\/producto\/matematica-magico-9\/","title":{"rendered":"Matem\u00e1tica M\u00e1gico 9"},"content":{"rendered":"<p>Divertido juego de matem\u00e1ticas que estimula el aprendizaje del conteo y la asociaci\u00f3n n\u00famero-cantidad ayudando al aprendizaje de la numeraci\u00f3n de una forma estrat\u00e9gica y entretenida. Incluye una base de madera con espacios para colocar las bolitas rojas y azules seg\u00fan se indica en las tarjetas tambi\u00e9n incluidas. De esta forma los ni\u00f1os y ni\u00f1as deber\u00e1n descifrar las cantidades de cada espacio de la base de madera contando y calculando. De material suave y muy resistente.<\/p>\n<p><p><strong>Material : <\/strong> Madera y Pl\u00e1stico<\/p>\n<p><strong>C\u00f3digo Aukinko : <\/strong> 07-2229<\/p>\n<p><strong>C\u00f3digo Convenio Marco : <\/strong> x<\/p>\n","protected":false},"excerpt":{"rendered":"<p>Divertido juego de matem\u00e1ticas que estimula el aprendizaje del conteo y la asociaci\u00f3n n\u00famero-cantidad ayudando al aprendizaje de la numeraci\u00f3n de una forma estrat\u00e9gica y entretenida. Incluye una base de madera con espacios para colocar las bolitas rojas y azules seg\u00fan se indica en las tarjetas tambi\u00e9n incluidas. De esta forma los ni\u00f1os y ni\u00f1as [&hellip;]<\/p>\n","protected":false},"featured_media":633974,"comment_status":"open","ping_status":"closed","template":"","meta":{"_et_pb_use_builder":"","_et_pb_old_content":"","_et_gb_content_width":""},"product_brand":[],"product_cat":[91,150,90],"product_tag":[],"class_list":{"0":"post-633975","1":"product","2":"type-product","3":"status-publish","4":"has-post-thumbnail","6":"product_cat-accesorios-sala","7":"product_cat-asociacion-y-logica","8":"product_cat-matematicas","9":"pa_edad-5-a-6-anos","10":"pa_edad-6-a-8-anos","11":"pa_edad-8-a-10-anos","12":"pa_marca-spectra","13":"pa_medidas-23-x-23-x-2","14":"pa_medidas-4-cm","16":"first","17":"instock","18":"shipping-taxable","19":"purchasable","20":"product-type-simple"},"aioseo_notices":[],"_links":{"self":[{"href":"https:\/\/aukinkochile.com\/web\/wp-json\/wp\/v2\/product\/633975","targetHints":{"allow":["GET"]}}],"collection":[{"href":"https:\/\/aukinkochile.com\/web\/wp-json\/wp\/v2\/product"}],"about":[{"href":"https:\/\/aukinkochile.com\/web\/wp-json\/wp\/v2\/types\/product"}],"replies":[{"embeddable":true,"href":"https:\/\/aukinkochile.com\/web\/wp-json\/wp\/v2\/comments?post=633975"}],"wp:featuredmedia":[{"embeddable":true,"href":"https:\/\/aukinkochile.com\/web\/wp-json\/wp\/v2\/media\/633974"}],"wp:attachment":[{"href":"https:\/\/aukinkochile.com\/web\/wp-json\/wp\/v2\/media?parent=633975"}],"wp:term":[{"taxonomy":"product_brand","embeddable":true,"href":"https:\/\/aukinkochile.com\/web\/wp-json\/wp\/v2\/product_brand?post=633975"},{"taxonomy":"product_cat","embeddable":true,"href":"https:\/\/aukinkochile.com\/web\/wp-json\/wp\/v2\/product_cat?post=633975"},{"taxonomy":"product_tag","embeddable":true,"href":"https:\/\/aukinkochile.com\/web\/wp-json\/wp\/v2\/product_tag?post=633975"}],"curies":[{"name":"wp","href":"https:\/\/api.w.org\/{rel}","templated":true}]}}