{"id":633947,"date":"2026-02-23T16:34:46","date_gmt":"2026-02-23T16:34:46","guid":{"rendered":"https:\/\/aukinkochile.com\/web\/producto\/discos-orientacion-set-12\/"},"modified":"2026-02-23T16:34:47","modified_gmt":"2026-02-23T16:34:47","slug":"discos-orientacion-set-12","status":"publish","type":"product","link":"https:\/\/aukinkochile.com\/web\/producto\/discos-orientacion-set-12\/","title":{"rendered":"Discos Orientaci\u00f3n set 12"},"content":{"rendered":"<p>Set de 12 discos suaves que ayudan a construir la orientaci\u00f3n y la coordinaci\u00f3n, distinguir entre la mano derecha y la izquierda y tambi\u00e9n los pies. 3 discos rojos, 3 amarillos, 3 azules y 3 verdes. Contiene 6 plantillas (que se pueden sacar) con forma de mano, 6 con forma de pie y 3 flechas.<\/p>\n<p><p><strong>Material : <\/strong> Vinyl<\/p>\n<p><strong>C\u00f3digo Aukinko : <\/strong> 19-18096<\/p>\n<p><strong>C\u00f3digo Convenio Marco : <\/strong> x<\/p>\n","protected":false},"excerpt":{"rendered":"<p>Set de 12 discos suaves que ayudan a construir la orientaci\u00f3n y la coordinaci\u00f3n, distinguir entre la mano derecha y la izquierda y tambi\u00e9n los pies. 3 discos rojos, 3 amarillos, 3 azules y 3 verdes. Contiene 6 plantillas (que se pueden sacar) con forma de mano, 6 con forma de pie y 3 flechas. [&hellip;]<\/p>\n","protected":false},"featured_media":625555,"comment_status":"open","ping_status":"closed","template":"","meta":{"_et_pb_use_builder":"","_et_pb_old_content":"","_et_gb_content_width":""},"product_brand":[],"product_cat":[91,18],"product_tag":[],"class_list":{"0":"post-633947","1":"product","2":"type-product","3":"status-publish","4":"has-post-thumbnail","6":"product_cat-accesorios-sala","7":"product_cat-motricidad-gruesa","8":"pa_edad-3-a-4-anos","9":"pa_edad-4-a-5-anos","10":"pa_edad-5-a-6-anos","11":"pa_edad-6-a-8-anos","12":"pa_marca-gymnic","14":"first","15":"instock","16":"shipping-taxable","17":"purchasable","18":"product-type-simple"},"aioseo_notices":[],"_links":{"self":[{"href":"https:\/\/aukinkochile.com\/web\/wp-json\/wp\/v2\/product\/633947","targetHints":{"allow":["GET"]}}],"collection":[{"href":"https:\/\/aukinkochile.com\/web\/wp-json\/wp\/v2\/product"}],"about":[{"href":"https:\/\/aukinkochile.com\/web\/wp-json\/wp\/v2\/types\/product"}],"replies":[{"embeddable":true,"href":"https:\/\/aukinkochile.com\/web\/wp-json\/wp\/v2\/comments?post=633947"}],"wp:featuredmedia":[{"embeddable":true,"href":"https:\/\/aukinkochile.com\/web\/wp-json\/wp\/v2\/media\/625555"}],"wp:attachment":[{"href":"https:\/\/aukinkochile.com\/web\/wp-json\/wp\/v2\/media?parent=633947"}],"wp:term":[{"taxonomy":"product_brand","embeddable":true,"href":"https:\/\/aukinkochile.com\/web\/wp-json\/wp\/v2\/product_brand?post=633947"},{"taxonomy":"product_cat","embeddable":true,"href":"https:\/\/aukinkochile.com\/web\/wp-json\/wp\/v2\/product_cat?post=633947"},{"taxonomy":"product_tag","embeddable":true,"href":"https:\/\/aukinkochile.com\/web\/wp-json\/wp\/v2\/product_tag?post=633947"}],"curies":[{"name":"wp","href":"https:\/\/api.w.org\/{rel}","templated":true}]}}