{"id":633941,"date":"2026-02-23T16:34:41","date_gmt":"2026-02-23T16:34:41","guid":{"rendered":"https:\/\/aukinkochile.com\/web\/producto\/pelota-sensorial-set-9\/"},"modified":"2026-02-23T16:34:42","modified_gmt":"2026-02-23T16:34:42","slug":"pelota-sensorial-set-9","status":"publish","type":"product","link":"https:\/\/aukinkochile.com\/web\/producto\/pelota-sensorial-set-9\/","title":{"rendered":"Pelota Sensorial set 9"},"content":{"rendered":"<p>Set de 9 pelotas diferentes para el desarrollo sensorial que incluye bolas de formas, tama\u00f1os y textura \u00fanicos. Pelota triangulo verde 13 cm, pelota roja erizo 18 cm, 2 pelotas erizos naranja y amarilla 10 cm, pelota man\u00ed morada 6,5 cm, 2 pelotas \u00f3valos erizo amarilla y roja 7,5 cm, pelota celeste con pelotitas al interior arco\u00edris 18 cm y pelota celeste con relieve lenta 13 cm.<\/p>\n<p><p><strong>Material : <\/strong> Goma<\/p>\n<p><strong>C\u00f3digo Aukinko : <\/strong> 18-5705199<\/p>\n<p><strong>C\u00f3digo Convenio Marco : <\/strong> x<\/p>\n","protected":false},"excerpt":{"rendered":"<p>Set de 9 pelotas diferentes para el desarrollo sensorial que incluye bolas de formas, tama\u00f1os y textura \u00fanicos. Pelota triangulo verde 13 cm, pelota roja erizo 18 cm, 2 pelotas erizos naranja y amarilla 10 cm, pelota man\u00ed morada 6,5 cm, 2 pelotas \u00f3valos erizo amarilla y roja 7,5 cm, pelota celeste con pelotitas al [&hellip;]<\/p>\n","protected":false},"featured_media":624506,"comment_status":"open","ping_status":"closed","template":"","meta":{"_et_pb_use_builder":"","_et_pb_old_content":"","_et_gb_content_width":""},"product_brand":[],"product_cat":[91,7385,18,23],"product_tag":[],"class_list":{"0":"post-633941","1":"product","2":"type-product","3":"status-publish","4":"has-post-thumbnail","6":"product_cat-accesorios-sala","7":"product_cat-estimulacion-cognitiva-y-motora-para-adultos-mayores","8":"product_cat-motricidad-gruesa","9":"product_cat-primeros-anos","10":"pa_edad-0-a-1-ano","11":"pa_edad-1-a-2-anos","12":"pa_edad-2-a-3-anos","13":"pa_edad-3-a-4-anos","14":"pa_edad-4-a-5-anos","15":"pa_marca-edushape","16":"pa_medidas-4543","17":"pa_medidas-5-x-19-x-32-cm-caja","19":"first","20":"instock","21":"shipping-taxable","22":"purchasable","23":"product-type-simple"},"aioseo_notices":[],"_links":{"self":[{"href":"https:\/\/aukinkochile.com\/web\/wp-json\/wp\/v2\/product\/633941","targetHints":{"allow":["GET"]}}],"collection":[{"href":"https:\/\/aukinkochile.com\/web\/wp-json\/wp\/v2\/product"}],"about":[{"href":"https:\/\/aukinkochile.com\/web\/wp-json\/wp\/v2\/types\/product"}],"replies":[{"embeddable":true,"href":"https:\/\/aukinkochile.com\/web\/wp-json\/wp\/v2\/comments?post=633941"}],"wp:featuredmedia":[{"embeddable":true,"href":"https:\/\/aukinkochile.com\/web\/wp-json\/wp\/v2\/media\/624506"}],"wp:attachment":[{"href":"https:\/\/aukinkochile.com\/web\/wp-json\/wp\/v2\/media?parent=633941"}],"wp:term":[{"taxonomy":"product_brand","embeddable":true,"href":"https:\/\/aukinkochile.com\/web\/wp-json\/wp\/v2\/product_brand?post=633941"},{"taxonomy":"product_cat","embeddable":true,"href":"https:\/\/aukinkochile.com\/web\/wp-json\/wp\/v2\/product_cat?post=633941"},{"taxonomy":"product_tag","embeddable":true,"href":"https:\/\/aukinkochile.com\/web\/wp-json\/wp\/v2\/product_tag?post=633941"}],"curies":[{"name":"wp","href":"https:\/\/api.w.org\/{rel}","templated":true}]}}