{"id":633932,"date":"2026-02-23T16:34:32","date_gmt":"2026-02-23T16:34:32","guid":{"rendered":"https:\/\/aukinkochile.com\/web\/producto\/juego-pared-madera-hipopotamo\/"},"modified":"2026-02-23T16:34:33","modified_gmt":"2026-02-23T16:34:33","slug":"juego-pared-madera-hipopotamo","status":"publish","type":"product","link":"https:\/\/aukinkochile.com\/web\/producto\/juego-pared-madera-hipopotamo\/","title":{"rendered":"Juego Pared Madera Hipop\u00f3tamo"},"content":{"rendered":"<p>Juego de pared con forma de hipop\u00f3tamo, viene con distintas funciones y juegos. Hecho con madera de calidad pintada y de estructura robusta que puede ser utilizado por a\u00f1os. Juguete ideal para escuelas, jardines infantiles, centros de aprendizaje, \u00e1reas publicas y familiares.<\/p>\n<p><p><strong>Material : <\/strong> Madera<\/p>\n<p><strong>C\u00f3digo Aukinko : <\/strong> 18-250470<\/p>\n<p><strong>C\u00f3digo Convenio Marco : <\/strong> x<\/p>\n","protected":false},"excerpt":{"rendered":"<p>Juego de pared con forma de hipop\u00f3tamo, viene con distintas funciones y juegos. Hecho con madera de calidad pintada y de estructura robusta que puede ser utilizado por a\u00f1os. Juguete ideal para escuelas, jardines infantiles, centros de aprendizaje, \u00e1reas publicas y familiares. Material : Madera C\u00f3digo Aukinko : 18-250470 C\u00f3digo Convenio Marco : x<\/p>\n","protected":false},"featured_media":624983,"comment_status":"open","ping_status":"closed","template":"","meta":{"_et_pb_use_builder":"","_et_pb_old_content":"","_et_gb_content_width":""},"product_brand":[],"product_cat":[91,20],"product_tag":[],"class_list":{"0":"post-633932","1":"product","2":"type-product","3":"status-publish","4":"has-post-thumbnail","6":"product_cat-accesorios-sala","7":"product_cat-motricidad-fina","8":"pa_edad-1-a-2-anos","9":"pa_edad-2-a-3-anos","10":"pa_edad-3-a-4-anos","11":"pa_marca-viga","12":"pa_medidas-5-cm","13":"pa_medidas-91-x-32-x-4","15":"first","16":"instock","17":"shipping-taxable","18":"purchasable","19":"product-type-simple"},"aioseo_notices":[],"_links":{"self":[{"href":"https:\/\/aukinkochile.com\/web\/wp-json\/wp\/v2\/product\/633932","targetHints":{"allow":["GET"]}}],"collection":[{"href":"https:\/\/aukinkochile.com\/web\/wp-json\/wp\/v2\/product"}],"about":[{"href":"https:\/\/aukinkochile.com\/web\/wp-json\/wp\/v2\/types\/product"}],"replies":[{"embeddable":true,"href":"https:\/\/aukinkochile.com\/web\/wp-json\/wp\/v2\/comments?post=633932"}],"wp:featuredmedia":[{"embeddable":true,"href":"https:\/\/aukinkochile.com\/web\/wp-json\/wp\/v2\/media\/624983"}],"wp:attachment":[{"href":"https:\/\/aukinkochile.com\/web\/wp-json\/wp\/v2\/media?parent=633932"}],"wp:term":[{"taxonomy":"product_brand","embeddable":true,"href":"https:\/\/aukinkochile.com\/web\/wp-json\/wp\/v2\/product_brand?post=633932"},{"taxonomy":"product_cat","embeddable":true,"href":"https:\/\/aukinkochile.com\/web\/wp-json\/wp\/v2\/product_cat?post=633932"},{"taxonomy":"product_tag","embeddable":true,"href":"https:\/\/aukinkochile.com\/web\/wp-json\/wp\/v2\/product_tag?post=633932"}],"curies":[{"name":"wp","href":"https:\/\/api.w.org\/{rel}","templated":true}]}}