{"id":633927,"date":"2026-02-23T16:34:26","date_gmt":"2026-02-23T16:34:26","guid":{"rendered":"https:\/\/aukinkochile.com\/web\/producto\/torre-deslizamiento-madera-autos\/"},"modified":"2026-02-23T16:34:27","modified_gmt":"2026-02-23T16:34:27","slug":"torre-deslizamiento-madera-autos","status":"publish","type":"product","link":"https:\/\/aukinkochile.com\/web\/producto\/torre-deslizamiento-madera-autos\/","title":{"rendered":"Torre Deslizamiento Madera Autos"},"content":{"rendered":"<p>Divertida pista de autos en altura para pasar horas de diversi\u00f3n. Esta hermosa rampa tiene 4 pistas para deslizamiento de autos e incluye 4 veh\u00edculos para colocar en lo m\u00e1s alto y verlos bajar a toda velocidad en una entretenida carrera, 2 autos cortos y 2 autos largos. Las 4 pistas est\u00e1n fabricadas en distintos materiales para que los ni\u00f1os y ni\u00f1as puedan observar las diferencias en la velocidad que toman los veh\u00edculos al deslizarse por cada una de ellas simulando diferentes suelos; una de espejo como un lago, otra de acr\u00edlico amarillo como pradera, otra tela de fieltro verde como pradera y por \u00faltimo una de madera como pista de carreras. Fabricado en madera de alta calidad con colores vivos y atractivos para los m\u00e1s peque\u00f1os.<\/p>\n<p><p><strong>Material : <\/strong> Madera, Genero, Espejo y Acr\u00edlico<\/p>\n<p><strong>C\u00f3digo Aukinko : <\/strong> 18-244744<\/p>\n<p><strong>C\u00f3digo Convenio Marco : <\/strong> x<\/p>\n","protected":false},"excerpt":{"rendered":"<p>Divertida pista de autos en altura para pasar horas de diversi\u00f3n. Esta hermosa rampa tiene 4 pistas para deslizamiento de autos e incluye 4 veh\u00edculos para colocar en lo m\u00e1s alto y verlos bajar a toda velocidad en una entretenida carrera, 2 autos cortos y 2 autos largos. Las 4 pistas est\u00e1n fabricadas en distintos [&hellip;]<\/p>\n","protected":false},"featured_media":630349,"comment_status":"open","ping_status":"closed","template":"","meta":{"_et_pb_use_builder":"","_et_pb_old_content":"","_et_gb_content_width":""},"product_brand":[],"product_cat":[17,20],"product_tag":[],"class_list":{"0":"post-633927","1":"product","2":"type-product","3":"status-publish","4":"has-post-thumbnail","6":"product_cat-juegos-de-rol","7":"product_cat-motricidad-fina","8":"pa_edad-1-a-2-anos","9":"pa_edad-2-a-3-anos","10":"pa_edad-3-a-4-anos","11":"pa_edad-4-a-5-anos","12":"pa_marca-viga","13":"pa_medidas-35-x-14","14":"pa_medidas-9-x-37-cm","16":"first","17":"instock","18":"shipping-taxable","19":"purchasable","20":"product-type-simple"},"aioseo_notices":[],"_links":{"self":[{"href":"https:\/\/aukinkochile.com\/web\/wp-json\/wp\/v2\/product\/633927","targetHints":{"allow":["GET"]}}],"collection":[{"href":"https:\/\/aukinkochile.com\/web\/wp-json\/wp\/v2\/product"}],"about":[{"href":"https:\/\/aukinkochile.com\/web\/wp-json\/wp\/v2\/types\/product"}],"replies":[{"embeddable":true,"href":"https:\/\/aukinkochile.com\/web\/wp-json\/wp\/v2\/comments?post=633927"}],"wp:featuredmedia":[{"embeddable":true,"href":"https:\/\/aukinkochile.com\/web\/wp-json\/wp\/v2\/media\/630349"}],"wp:attachment":[{"href":"https:\/\/aukinkochile.com\/web\/wp-json\/wp\/v2\/media?parent=633927"}],"wp:term":[{"taxonomy":"product_brand","embeddable":true,"href":"https:\/\/aukinkochile.com\/web\/wp-json\/wp\/v2\/product_brand?post=633927"},{"taxonomy":"product_cat","embeddable":true,"href":"https:\/\/aukinkochile.com\/web\/wp-json\/wp\/v2\/product_cat?post=633927"},{"taxonomy":"product_tag","embeddable":true,"href":"https:\/\/aukinkochile.com\/web\/wp-json\/wp\/v2\/product_tag?post=633927"}],"curies":[{"name":"wp","href":"https:\/\/api.w.org\/{rel}","templated":true}]}}