{"id":633926,"date":"2026-02-23T16:34:25","date_gmt":"2026-02-23T16:34:25","guid":{"rendered":"https:\/\/aukinkochile.com\/web\/producto\/puzle-relieve-frutas-7-pz\/"},"modified":"2026-02-23T16:34:26","modified_gmt":"2026-02-23T16:34:26","slug":"puzle-relieve-frutas-7-pz","status":"publish","type":"product","link":"https:\/\/aukinkochile.com\/web\/producto\/puzle-relieve-frutas-7-pz\/","title":{"rendered":"Puzle Relieve Frutas 7 pz"},"content":{"rendered":"<p>Con este divertido puzle los ni\u00f1os y ni\u00f1as podr\u00e1n descubrir el mundo de las frutas saludables. Con cada pieza, los m\u00e1s peque\u00f1os descubrir\u00e1n nuevas formas, nombres, colores y caracter\u00edsticas de las frutas del huerto. Un juguete adecuado para desarrollar la l\u00f3gica, la memoria y la motricidad fina. Incluye 7 figuras de madera de frutas: manzana, sand\u00eda, naranja, frutilla, uva, pl\u00e1tano y pera. Fabricado en madera de alta calidad, pintado a mano para un acabado superior.<\/p>\n<p><p><strong>Material : <\/strong> Madera<\/p>\n<p><strong>C\u00f3digo Aukinko : <\/strong> 18-244704<\/p>\n<p><strong>C\u00f3digo Convenio Marco : <\/strong> x<\/p>\n","protected":false},"excerpt":{"rendered":"<p>Con este divertido puzle los ni\u00f1os y ni\u00f1as podr\u00e1n descubrir el mundo de las frutas saludables. Con cada pieza, los m\u00e1s peque\u00f1os descubrir\u00e1n nuevas formas, nombres, colores y caracter\u00edsticas de las frutas del huerto. Un juguete adecuado para desarrollar la l\u00f3gica, la memoria y la motricidad fina. Incluye 7 figuras de madera de frutas: manzana, [&hellip;]<\/p>\n","protected":false},"featured_media":631355,"comment_status":"open","ping_status":"closed","template":"","meta":{"_et_pb_use_builder":"","_et_pb_old_content":"","_et_gb_content_width":""},"product_brand":[],"product_cat":[91,20,22],"product_tag":[],"class_list":{"0":"post-633926","1":"product","2":"type-product","3":"status-publish","4":"has-post-thumbnail","6":"product_cat-accesorios-sala","7":"product_cat-motricidad-fina","8":"product_cat-puzzles","9":"pa_edad-2-a-3-anos","10":"pa_edad-3-a-4-anos","11":"pa_edad-4-a-5-anos","12":"pa_marca-viga","13":"pa_medidas-30-x-22","14":"pa_medidas-5-x-1","15":"pa_medidas-6-cm","17":"first","18":"instock","19":"shipping-taxable","20":"purchasable","21":"product-type-simple"},"aioseo_notices":[],"_links":{"self":[{"href":"https:\/\/aukinkochile.com\/web\/wp-json\/wp\/v2\/product\/633926","targetHints":{"allow":["GET"]}}],"collection":[{"href":"https:\/\/aukinkochile.com\/web\/wp-json\/wp\/v2\/product"}],"about":[{"href":"https:\/\/aukinkochile.com\/web\/wp-json\/wp\/v2\/types\/product"}],"replies":[{"embeddable":true,"href":"https:\/\/aukinkochile.com\/web\/wp-json\/wp\/v2\/comments?post=633926"}],"wp:featuredmedia":[{"embeddable":true,"href":"https:\/\/aukinkochile.com\/web\/wp-json\/wp\/v2\/media\/631355"}],"wp:attachment":[{"href":"https:\/\/aukinkochile.com\/web\/wp-json\/wp\/v2\/media?parent=633926"}],"wp:term":[{"taxonomy":"product_brand","embeddable":true,"href":"https:\/\/aukinkochile.com\/web\/wp-json\/wp\/v2\/product_brand?post=633926"},{"taxonomy":"product_cat","embeddable":true,"href":"https:\/\/aukinkochile.com\/web\/wp-json\/wp\/v2\/product_cat?post=633926"},{"taxonomy":"product_tag","embeddable":true,"href":"https:\/\/aukinkochile.com\/web\/wp-json\/wp\/v2\/product_tag?post=633926"}],"curies":[{"name":"wp","href":"https:\/\/api.w.org\/{rel}","templated":true}]}}