{"id":633924,"date":"2026-02-23T16:34:22","date_gmt":"2026-02-23T16:34:22","guid":{"rendered":"https:\/\/aukinkochile.com\/web\/producto\/puzle-madera-tarugo-montessori-8-pz-gallo\/"},"modified":"2026-02-23T16:34:23","modified_gmt":"2026-02-23T16:34:23","slug":"puzle-madera-tarugo-montessori-8-pz-gallo","status":"publish","type":"product","link":"https:\/\/aukinkochile.com\/web\/producto\/puzle-madera-tarugo-montessori-8-pz-gallo\/","title":{"rendered":"Puzle Madera Tarugo Montessori 8 pz Gallo"},"content":{"rendered":"<p>Divertido puzle de tarugos fabricado en madera, de material suave y resistente. Los puzles estimulan las habilidades motoras finas, ayudan al desarrollo del lenguaje, promueven la coordinaci\u00f3n mano-ojo y estimulan la asociaci\u00f3n y l\u00f3gica de una forma muy divertida.<\/p>\n<p><p><strong>Material : <\/strong> Madera<\/p>\n<p><strong>C\u00f3digo Aukinko : <\/strong> 18-244610<\/p>\n<p><strong>C\u00f3digo Convenio Marco : <\/strong> x<\/p>\n","protected":false},"excerpt":{"rendered":"<p>Divertido puzle de tarugos fabricado en madera, de material suave y resistente. Los puzles estimulan las habilidades motoras finas, ayudan al desarrollo del lenguaje, promueven la coordinaci\u00f3n mano-ojo y estimulan la asociaci\u00f3n y l\u00f3gica de una forma muy divertida. Material : Madera C\u00f3digo Aukinko : 18-244610 C\u00f3digo Convenio Marco : x<\/p>\n","protected":false},"featured_media":624894,"comment_status":"open","ping_status":"closed","template":"","meta":{"_et_pb_use_builder":"","_et_pb_old_content":"","_et_gb_content_width":""},"product_brand":[],"product_cat":[91,20,22],"product_tag":[],"class_list":{"0":"post-633924","1":"product","2":"type-product","3":"status-publish","4":"has-post-thumbnail","6":"product_cat-accesorios-sala","7":"product_cat-motricidad-fina","8":"product_cat-puzzles","9":"pa_edad-3-a-4-anos","10":"pa_edad-4-a-5-anos","11":"pa_marca-viga","12":"pa_medidas-30-x-22","13":"pa_medidas-4-cm","14":"pa_medidas-5-x-2","16":"first","17":"instock","18":"shipping-taxable","19":"purchasable","20":"product-type-simple"},"aioseo_notices":[],"_links":{"self":[{"href":"https:\/\/aukinkochile.com\/web\/wp-json\/wp\/v2\/product\/633924","targetHints":{"allow":["GET"]}}],"collection":[{"href":"https:\/\/aukinkochile.com\/web\/wp-json\/wp\/v2\/product"}],"about":[{"href":"https:\/\/aukinkochile.com\/web\/wp-json\/wp\/v2\/types\/product"}],"replies":[{"embeddable":true,"href":"https:\/\/aukinkochile.com\/web\/wp-json\/wp\/v2\/comments?post=633924"}],"wp:featuredmedia":[{"embeddable":true,"href":"https:\/\/aukinkochile.com\/web\/wp-json\/wp\/v2\/media\/624894"}],"wp:attachment":[{"href":"https:\/\/aukinkochile.com\/web\/wp-json\/wp\/v2\/media?parent=633924"}],"wp:term":[{"taxonomy":"product_brand","embeddable":true,"href":"https:\/\/aukinkochile.com\/web\/wp-json\/wp\/v2\/product_brand?post=633924"},{"taxonomy":"product_cat","embeddable":true,"href":"https:\/\/aukinkochile.com\/web\/wp-json\/wp\/v2\/product_cat?post=633924"},{"taxonomy":"product_tag","embeddable":true,"href":"https:\/\/aukinkochile.com\/web\/wp-json\/wp\/v2\/product_tag?post=633924"}],"curies":[{"name":"wp","href":"https:\/\/api.w.org\/{rel}","templated":true}]}}