{"id":633922,"date":"2026-02-23T16:34:20","date_gmt":"2026-02-23T16:34:20","guid":{"rendered":"https:\/\/aukinkochile.com\/web\/producto\/set-bombero-madera\/"},"modified":"2026-02-23T16:34:21","modified_gmt":"2026-02-23T16:34:21","slug":"set-bombero-madera","status":"publish","type":"product","link":"https:\/\/aukinkochile.com\/web\/producto\/set-bombero-madera\/","title":{"rendered":"Set Bombero Madera"},"content":{"rendered":"<p>Divertido kit de rescate de incendios, incluye una bolsa que contiene todas las piezas que necesitas para llevar a cabo un rescate audaz y mantener a todos a salvo. Contiene variadas herramientas de madera: un extintor de incendios, un meg\u00e1fono, un hacha y una pala. Ni\u00f1os y ni\u00f1as aprenden a trav\u00e9s del juego, y este kit de rescate de incendios fomenta el juego libre y el juego de simulaci\u00f3n. Dar acci\u00f3n a los objetos ayuda a los ni\u00f1os a desarrollar habilidades ling\u00fc\u00edsticas, habilidades sociales y emocionales, habilidades cognitivas, todo mientras fomenta su imaginaci\u00f3n. Fabricado con g\u00e9nero resistente y madera, terminado con la m\u00e1xima calidad y pintado con pintura no t\u00f3xica y segura para ni\u00f1os.<\/p>\n<p><p><strong>Material : <\/strong> Madera<\/p>\n<p><strong>C\u00f3digo Aukinko : <\/strong> 17-92317 <\/p>\n<p><strong>C\u00f3digo Convenio Marco : <\/strong> x<\/p>\n","protected":false},"excerpt":{"rendered":"<p>Divertido kit de rescate de incendios, incluye una bolsa que contiene todas las piezas que necesitas para llevar a cabo un rescate audaz y mantener a todos a salvo. Contiene variadas herramientas de madera: un extintor de incendios, un meg\u00e1fono, un hacha y una pala. Ni\u00f1os y ni\u00f1as aprenden a trav\u00e9s del juego, y este [&hellip;]<\/p>\n","protected":false},"featured_media":625593,"comment_status":"open","ping_status":"closed","template":"","meta":{"_et_pb_use_builder":"","_et_pb_old_content":"","_et_gb_content_width":""},"product_brand":[],"product_cat":[17],"product_tag":[],"class_list":{"0":"post-633922","1":"product","2":"type-product","3":"status-publish","4":"has-post-thumbnail","6":"product_cat-juegos-de-rol","7":"pa_edad-3-a-4-anos","8":"pa_edad-4-a-5-anos","9":"pa_edad-5-a-6-anos","10":"pa_marca-tooky-toy","11":"pa_medidas-22-x-16-x-10-cm","13":"first","14":"instock","15":"shipping-taxable","16":"purchasable","17":"product-type-simple"},"aioseo_notices":[],"_links":{"self":[{"href":"https:\/\/aukinkochile.com\/web\/wp-json\/wp\/v2\/product\/633922","targetHints":{"allow":["GET"]}}],"collection":[{"href":"https:\/\/aukinkochile.com\/web\/wp-json\/wp\/v2\/product"}],"about":[{"href":"https:\/\/aukinkochile.com\/web\/wp-json\/wp\/v2\/types\/product"}],"replies":[{"embeddable":true,"href":"https:\/\/aukinkochile.com\/web\/wp-json\/wp\/v2\/comments?post=633922"}],"wp:featuredmedia":[{"embeddable":true,"href":"https:\/\/aukinkochile.com\/web\/wp-json\/wp\/v2\/media\/625593"}],"wp:attachment":[{"href":"https:\/\/aukinkochile.com\/web\/wp-json\/wp\/v2\/media?parent=633922"}],"wp:term":[{"taxonomy":"product_brand","embeddable":true,"href":"https:\/\/aukinkochile.com\/web\/wp-json\/wp\/v2\/product_brand?post=633922"},{"taxonomy":"product_cat","embeddable":true,"href":"https:\/\/aukinkochile.com\/web\/wp-json\/wp\/v2\/product_cat?post=633922"},{"taxonomy":"product_tag","embeddable":true,"href":"https:\/\/aukinkochile.com\/web\/wp-json\/wp\/v2\/product_tag?post=633922"}],"curies":[{"name":"wp","href":"https:\/\/api.w.org\/{rel}","templated":true}]}}