{"id":633921,"date":"2026-02-23T16:34:19","date_gmt":"2026-02-23T16:34:19","guid":{"rendered":"https:\/\/aukinkochile.com\/web\/producto\/rueda-motricidad-55-cm-c-u\/"},"modified":"2026-02-23T16:34:20","modified_gmt":"2026-02-23T16:34:20","slug":"rueda-motricidad-55-cm-c-u","status":"publish","type":"product","link":"https:\/\/aukinkochile.com\/web\/producto\/rueda-motricidad-55-cm-c-u\/","title":{"rendered":"Rueda Motricidad 55 cm c\/u"},"content":{"rendered":"<p>Hermosa rueda de motricidad para estimular el desarrollo motor de los m\u00e1s peque\u00f1os de una forma muy divertida. De material suave y resistente y colores vivos. Pueden ser usadas individualmente para variadas actividades f\u00edsicas. Di\u00e1metro 55 cm. Colores surtidos. Precio por unidad.<\/p>\n<p><p><strong>Material : <\/strong> Pl\u00e1stico<\/p>\n<p><strong>C\u00f3digo Aukinko : <\/strong> 17-340025<\/p>\n<p><strong>C\u00f3digo Convenio Marco : <\/strong> x<\/p>\n","protected":false},"excerpt":{"rendered":"<p>Hermosa rueda de motricidad para estimular el desarrollo motor de los m\u00e1s peque\u00f1os de una forma muy divertida. De material suave y resistente y colores vivos. Pueden ser usadas individualmente para variadas actividades f\u00edsicas. Di\u00e1metro 55 cm. Colores surtidos. Precio por unidad. Material : Pl\u00e1stico C\u00f3digo Aukinko : 17-340025 C\u00f3digo Convenio Marco : x<\/p>\n","protected":false},"featured_media":633920,"comment_status":"open","ping_status":"closed","template":"","meta":{"_et_pb_use_builder":"","_et_pb_old_content":"","_et_gb_content_width":""},"product_brand":[],"product_cat":[1005,91,18],"product_tag":[],"class_list":{"0":"post-633921","1":"product","2":"type-product","3":"status-publish","4":"has-post-thumbnail","6":"product_cat-accesorios-patio","7":"product_cat-accesorios-sala","8":"product_cat-motricidad-gruesa","9":"pa_edad-10-anos","10":"pa_edad-3-a-4-anos","11":"pa_edad-4-a-5-anos","12":"pa_edad-5-a-6-anos","13":"pa_edad-6-a-8-anos","14":"pa_edad-8-a-10-anos","15":"pa_marca-lap","16":"pa_medidas-55-cm","18":"first","19":"instock","20":"shipping-taxable","21":"purchasable","22":"product-type-simple"},"aioseo_notices":[],"_links":{"self":[{"href":"https:\/\/aukinkochile.com\/web\/wp-json\/wp\/v2\/product\/633921","targetHints":{"allow":["GET"]}}],"collection":[{"href":"https:\/\/aukinkochile.com\/web\/wp-json\/wp\/v2\/product"}],"about":[{"href":"https:\/\/aukinkochile.com\/web\/wp-json\/wp\/v2\/types\/product"}],"replies":[{"embeddable":true,"href":"https:\/\/aukinkochile.com\/web\/wp-json\/wp\/v2\/comments?post=633921"}],"wp:featuredmedia":[{"embeddable":true,"href":"https:\/\/aukinkochile.com\/web\/wp-json\/wp\/v2\/media\/633920"}],"wp:attachment":[{"href":"https:\/\/aukinkochile.com\/web\/wp-json\/wp\/v2\/media?parent=633921"}],"wp:term":[{"taxonomy":"product_brand","embeddable":true,"href":"https:\/\/aukinkochile.com\/web\/wp-json\/wp\/v2\/product_brand?post=633921"},{"taxonomy":"product_cat","embeddable":true,"href":"https:\/\/aukinkochile.com\/web\/wp-json\/wp\/v2\/product_cat?post=633921"},{"taxonomy":"product_tag","embeddable":true,"href":"https:\/\/aukinkochile.com\/web\/wp-json\/wp\/v2\/product_tag?post=633921"}],"curies":[{"name":"wp","href":"https:\/\/api.w.org\/{rel}","templated":true}]}}