{"id":633918,"date":"2026-02-23T16:34:16","date_gmt":"2026-02-23T16:34:16","guid":{"rendered":"https:\/\/aukinkochile.com\/web\/producto\/alfombra-piso-goma-eva\/"},"modified":"2026-02-23T16:34:17","modified_gmt":"2026-02-23T16:34:17","slug":"alfombra-piso-goma-eva","status":"publish","type":"product","link":"https:\/\/aukinkochile.com\/web\/producto\/alfombra-piso-goma-eva\/","title":{"rendered":"Alfombra Piso Goma Eva"},"content":{"rendered":"<p>Set de 4 planchas de goma Eva (60 x 60 x 1 cm) en 4 colores (rojo, azul, verde y amarillo) en forma de Puzle para unir y dar comodidad en los juegos a los mas peque\u00f1os. F\u00e1cil de limpiar. Evita ca\u00eddas y decora el espacio de juego a la vez que ayuda a la motricidad en el armado.<\/p>\n<p><p><strong>Material : <\/strong> Goma Eva<\/p>\n<p><strong>C\u00f3digo Aukinko : <\/strong> 16-4000<\/p>\n<p><strong>C\u00f3digo Convenio Marco : <\/strong> x<\/p>\n","protected":false},"excerpt":{"rendered":"<p>Set de 4 planchas de goma Eva (60 x 60 x 1 cm) en 4 colores (rojo, azul, verde y amarillo) en forma de Puzle para unir y dar comodidad en los juegos a los mas peque\u00f1os. F\u00e1cil de limpiar. Evita ca\u00eddas y decora el espacio de juego a la vez que ayuda a la [&hellip;]<\/p>\n","protected":false},"featured_media":624631,"comment_status":"open","ping_status":"closed","template":"","meta":{"_et_pb_use_builder":"","_et_pb_old_content":"","_et_gb_content_width":""},"product_brand":[],"product_cat":[91,7385,23],"product_tag":[],"class_list":{"0":"post-633918","1":"product","2":"type-product","3":"status-publish","4":"has-post-thumbnail","6":"product_cat-accesorios-sala","7":"product_cat-estimulacion-cognitiva-y-motora-para-adultos-mayores","8":"product_cat-primeros-anos","9":"pa_edad-0-a-1-ano","10":"pa_edad-1-a-2-anos","11":"pa_edad-2-a-3-anos","12":"pa_edad-3-a-4-anos","13":"pa_edad-4-a-5-anos","14":"pa_marca-aukinko","15":"pa_medidas-60-x-60-x-1-cm-c-u","17":"first","18":"instock","19":"shipping-taxable","20":"purchasable","21":"product-type-simple"},"aioseo_notices":[],"_links":{"self":[{"href":"https:\/\/aukinkochile.com\/web\/wp-json\/wp\/v2\/product\/633918","targetHints":{"allow":["GET"]}}],"collection":[{"href":"https:\/\/aukinkochile.com\/web\/wp-json\/wp\/v2\/product"}],"about":[{"href":"https:\/\/aukinkochile.com\/web\/wp-json\/wp\/v2\/types\/product"}],"replies":[{"embeddable":true,"href":"https:\/\/aukinkochile.com\/web\/wp-json\/wp\/v2\/comments?post=633918"}],"wp:featuredmedia":[{"embeddable":true,"href":"https:\/\/aukinkochile.com\/web\/wp-json\/wp\/v2\/media\/624631"}],"wp:attachment":[{"href":"https:\/\/aukinkochile.com\/web\/wp-json\/wp\/v2\/media?parent=633918"}],"wp:term":[{"taxonomy":"product_brand","embeddable":true,"href":"https:\/\/aukinkochile.com\/web\/wp-json\/wp\/v2\/product_brand?post=633918"},{"taxonomy":"product_cat","embeddable":true,"href":"https:\/\/aukinkochile.com\/web\/wp-json\/wp\/v2\/product_cat?post=633918"},{"taxonomy":"product_tag","embeddable":true,"href":"https:\/\/aukinkochile.com\/web\/wp-json\/wp\/v2\/product_tag?post=633918"}],"curies":[{"name":"wp","href":"https:\/\/api.w.org\/{rel}","templated":true}]}}