{"id":633917,"date":"2026-02-23T16:34:15","date_gmt":"2026-02-23T16:34:15","guid":{"rendered":"https:\/\/aukinkochile.com\/web\/producto\/cuento-kamishibai-por-que-hay-tantas-piedras\/"},"modified":"2026-02-23T16:34:16","modified_gmt":"2026-02-23T16:34:16","slug":"cuento-kamishibai-por-que-hay-tantas-piedras","status":"publish","type":"product","link":"https:\/\/aukinkochile.com\/web\/producto\/cuento-kamishibai-por-que-hay-tantas-piedras\/","title":{"rendered":"Cuento Kamishibai \u00abPor Que Hay Tantas Piedras?\u00bb"},"content":{"rendered":"<p>14 laminas Kamishibai que incluye un CD con sonidos y m\u00fasica original para cada una de las laminas. En 4 idiomas, espa\u00f1ol- ingles- franc\u00e9s y portugu\u00e9s. Caminando por la sabana un ni\u00f1o pisa una piedra puntiaguda y da un grito de dolor. El elefante escucha el grito del ni\u00f1o y corre en su ayuda, pero en su carrera no puede evitar pisar a una rana. Cuento tradicional de \u00c1frica.<\/p>\n<p><p><strong>Material : <\/strong> Cart\u00f3n Plastificado<\/p>\n<p><strong>C\u00f3digo Aukinko : <\/strong> 15-19016<\/p>\n<p><strong>C\u00f3digo Convenio Marco : <\/strong> x<\/p>\n","protected":false},"excerpt":{"rendered":"<p>14 laminas Kamishibai que incluye un CD con sonidos y m\u00fasica original para cada una de las laminas. En 4 idiomas, espa\u00f1ol- ingles- franc\u00e9s y portugu\u00e9s. Caminando por la sabana un ni\u00f1o pisa una piedra puntiaguda y da un grito de dolor. El elefante escucha el grito del ni\u00f1o y corre en su ayuda, pero [&hellip;]<\/p>\n","protected":false},"featured_media":633916,"comment_status":"open","ping_status":"closed","template":"","meta":{"_et_pb_use_builder":"","_et_pb_old_content":"","_et_gb_content_width":""},"product_brand":[],"product_cat":[91,151],"product_tag":[],"class_list":{"0":"post-633917","1":"product","2":"type-product","3":"status-publish","4":"has-post-thumbnail","6":"product_cat-accesorios-sala","7":"product_cat-lenguaje","8":"pa_edad-3-a-4-anos","9":"pa_edad-4-a-5-anos","10":"pa_edad-5-a-6-anos","11":"pa_marca-sieteleguas","12":"pa_medidas-43-x-31-x-0","13":"pa_medidas-5-cm","15":"first","16":"instock","17":"shipping-taxable","18":"purchasable","19":"product-type-simple"},"aioseo_notices":[],"_links":{"self":[{"href":"https:\/\/aukinkochile.com\/web\/wp-json\/wp\/v2\/product\/633917","targetHints":{"allow":["GET"]}}],"collection":[{"href":"https:\/\/aukinkochile.com\/web\/wp-json\/wp\/v2\/product"}],"about":[{"href":"https:\/\/aukinkochile.com\/web\/wp-json\/wp\/v2\/types\/product"}],"replies":[{"embeddable":true,"href":"https:\/\/aukinkochile.com\/web\/wp-json\/wp\/v2\/comments?post=633917"}],"wp:featuredmedia":[{"embeddable":true,"href":"https:\/\/aukinkochile.com\/web\/wp-json\/wp\/v2\/media\/633916"}],"wp:attachment":[{"href":"https:\/\/aukinkochile.com\/web\/wp-json\/wp\/v2\/media?parent=633917"}],"wp:term":[{"taxonomy":"product_brand","embeddable":true,"href":"https:\/\/aukinkochile.com\/web\/wp-json\/wp\/v2\/product_brand?post=633917"},{"taxonomy":"product_cat","embeddable":true,"href":"https:\/\/aukinkochile.com\/web\/wp-json\/wp\/v2\/product_cat?post=633917"},{"taxonomy":"product_tag","embeddable":true,"href":"https:\/\/aukinkochile.com\/web\/wp-json\/wp\/v2\/product_tag?post=633917"}],"curies":[{"name":"wp","href":"https:\/\/api.w.org\/{rel}","templated":true}]}}