{"id":633913,"date":"2026-02-23T16:34:12","date_gmt":"2026-02-23T16:34:12","guid":{"rendered":"https:\/\/aukinkochile.com\/web\/producto\/cuento-kamishibai-como-maui-capturo-el-sol\/"},"modified":"2026-02-23T16:34:14","modified_gmt":"2026-02-23T16:34:14","slug":"cuento-kamishibai-como-maui-capturo-el-sol","status":"publish","type":"product","link":"https:\/\/aukinkochile.com\/web\/producto\/cuento-kamishibai-como-maui-capturo-el-sol\/","title":{"rendered":"Cuento Kamishibai  \u00abComo Maui Capturo el Sol\u00bb"},"content":{"rendered":"<p>14 laminas Kamishibai que incluye un CD con sonidos y m\u00fasica original para cada una de las laminas. En 4 idiomas, espa\u00f1ol- ingles- franc\u00e9s y portugu\u00e9s. Hermosa leyenda de la mitolog\u00eda Maor\u00ed (Nueva Zelanda). Una historia que nos traslada a los or\u00edgenes de las cosas tal y como son ahora.<\/p>\n<p><p><strong>Material : <\/strong> Cart\u00f3n Plastificado<\/p>\n<p><strong>C\u00f3digo Aukinko : <\/strong> 15-14254<\/p>\n<p><strong>C\u00f3digo Convenio Marco : <\/strong> x<\/p>\n","protected":false},"excerpt":{"rendered":"<p>14 laminas Kamishibai que incluye un CD con sonidos y m\u00fasica original para cada una de las laminas. En 4 idiomas, espa\u00f1ol- ingles- franc\u00e9s y portugu\u00e9s. Hermosa leyenda de la mitolog\u00eda Maor\u00ed (Nueva Zelanda). Una historia que nos traslada a los or\u00edgenes de las cosas tal y como son ahora. Material : Cart\u00f3n Plastificado C\u00f3digo [&hellip;]<\/p>\n","protected":false},"featured_media":633912,"comment_status":"open","ping_status":"closed","template":"","meta":{"_et_pb_use_builder":"","_et_pb_old_content":"","_et_gb_content_width":""},"product_brand":[],"product_cat":[91,151],"product_tag":[],"class_list":{"0":"post-633913","1":"product","2":"type-product","3":"status-publish","4":"has-post-thumbnail","6":"product_cat-accesorios-sala","7":"product_cat-lenguaje","8":"pa_edad-6-a-8-anos","9":"pa_edad-8-a-10-anos","10":"pa_marca-sieteleguas","11":"pa_medidas-43-x-31-x-0","12":"pa_medidas-5-cm","14":"first","15":"instock","16":"shipping-taxable","17":"purchasable","18":"product-type-simple"},"aioseo_notices":[],"_links":{"self":[{"href":"https:\/\/aukinkochile.com\/web\/wp-json\/wp\/v2\/product\/633913","targetHints":{"allow":["GET"]}}],"collection":[{"href":"https:\/\/aukinkochile.com\/web\/wp-json\/wp\/v2\/product"}],"about":[{"href":"https:\/\/aukinkochile.com\/web\/wp-json\/wp\/v2\/types\/product"}],"replies":[{"embeddable":true,"href":"https:\/\/aukinkochile.com\/web\/wp-json\/wp\/v2\/comments?post=633913"}],"wp:featuredmedia":[{"embeddable":true,"href":"https:\/\/aukinkochile.com\/web\/wp-json\/wp\/v2\/media\/633912"}],"wp:attachment":[{"href":"https:\/\/aukinkochile.com\/web\/wp-json\/wp\/v2\/media?parent=633913"}],"wp:term":[{"taxonomy":"product_brand","embeddable":true,"href":"https:\/\/aukinkochile.com\/web\/wp-json\/wp\/v2\/product_brand?post=633913"},{"taxonomy":"product_cat","embeddable":true,"href":"https:\/\/aukinkochile.com\/web\/wp-json\/wp\/v2\/product_cat?post=633913"},{"taxonomy":"product_tag","embeddable":true,"href":"https:\/\/aukinkochile.com\/web\/wp-json\/wp\/v2\/product_tag?post=633913"}],"curies":[{"name":"wp","href":"https:\/\/api.w.org\/{rel}","templated":true}]}}