{"id":633909,"date":"2026-02-23T16:34:09","date_gmt":"2026-02-23T16:34:09","guid":{"rendered":"https:\/\/aukinkochile.com\/web\/producto\/juego-equilibrio\/"},"modified":"2026-02-23T16:34:11","modified_gmt":"2026-02-23T16:34:11","slug":"juego-equilibrio","status":"publish","type":"product","link":"https:\/\/aukinkochile.com\/web\/producto\/juego-equilibrio\/","title":{"rendered":"Juego Equilibrio"},"content":{"rendered":"<p>Esta trayectoria de equilibrio consiste en 28 piezas desmontables en 6 colores. Puede armarse una variedad de caminos con 4 conectores. Hecho de pl\u00e1stico de alta densidad con superficie antideslizante. Cada pieza mide 5 x 29 x 10 cm.<\/p>\n<p><p><strong>Material : <\/strong> Pl\u00e1stico<\/p>\n<p><strong>C\u00f3digo Aukinko : <\/strong> 14-963702<\/p>\n<p><strong>C\u00f3digo Convenio Marco : <\/strong> x<\/p>\n","protected":false},"excerpt":{"rendered":"<p>Esta trayectoria de equilibrio consiste en 28 piezas desmontables en 6 colores. Puede armarse una variedad de caminos con 4 conectores. Hecho de pl\u00e1stico de alta densidad con superficie antideslizante. Cada pieza mide 5 x 29 x 10 cm. Material : Pl\u00e1stico C\u00f3digo Aukinko : 14-963702 C\u00f3digo Convenio Marco : x<\/p>\n","protected":false},"featured_media":633908,"comment_status":"open","ping_status":"closed","template":"","meta":{"_et_pb_use_builder":"","_et_pb_old_content":"","_et_gb_content_width":""},"product_brand":[],"product_cat":[149],"product_tag":[],"class_list":{"0":"post-633909","1":"product","2":"type-product","3":"status-publish","4":"has-post-thumbnail","6":"product_cat-juegos-de-mesa","7":"pa_edad-4-a-5-anos","8":"pa_edad-5-a-6-anos","9":"pa_edad-6-a-8-anos","10":"pa_marca-edx","11":"pa_medidas-55-x-53-x-35-cm","13":"first","14":"instock","15":"shipping-taxable","16":"purchasable","17":"product-type-simple"},"aioseo_notices":[],"_links":{"self":[{"href":"https:\/\/aukinkochile.com\/web\/wp-json\/wp\/v2\/product\/633909","targetHints":{"allow":["GET"]}}],"collection":[{"href":"https:\/\/aukinkochile.com\/web\/wp-json\/wp\/v2\/product"}],"about":[{"href":"https:\/\/aukinkochile.com\/web\/wp-json\/wp\/v2\/types\/product"}],"replies":[{"embeddable":true,"href":"https:\/\/aukinkochile.com\/web\/wp-json\/wp\/v2\/comments?post=633909"}],"wp:featuredmedia":[{"embeddable":true,"href":"https:\/\/aukinkochile.com\/web\/wp-json\/wp\/v2\/media\/633908"}],"wp:attachment":[{"href":"https:\/\/aukinkochile.com\/web\/wp-json\/wp\/v2\/media?parent=633909"}],"wp:term":[{"taxonomy":"product_brand","embeddable":true,"href":"https:\/\/aukinkochile.com\/web\/wp-json\/wp\/v2\/product_brand?post=633909"},{"taxonomy":"product_cat","embeddable":true,"href":"https:\/\/aukinkochile.com\/web\/wp-json\/wp\/v2\/product_cat?post=633909"},{"taxonomy":"product_tag","embeddable":true,"href":"https:\/\/aukinkochile.com\/web\/wp-json\/wp\/v2\/product_tag?post=633909"}],"curies":[{"name":"wp","href":"https:\/\/api.w.org\/{rel}","templated":true}]}}