{"id":633907,"date":"2026-02-23T16:34:08","date_gmt":"2026-02-23T16:34:08","guid":{"rendered":"https:\/\/aukinkochile.com\/web\/producto\/dados-color-y-numero-2-pz\/"},"modified":"2026-02-23T16:34:09","modified_gmt":"2026-02-23T16:34:09","slug":"dados-color-y-numero-2-pz","status":"publish","type":"product","link":"https:\/\/aukinkochile.com\/web\/producto\/dados-color-y-numero-2-pz\/","title":{"rendered":"Dados Color y Numero 2 pz"},"content":{"rendered":"<p>Juego de 2 dados de espuma con n\u00fameros y colores. Dados que fomentan el movimiento y las habilidades motoras utiliz\u00e1ndolos para crear juegos en grupo. <\/p>\n<p><p><strong>Material : <\/strong> Espuma<\/p>\n<p><strong>C\u00f3digo Aukinko : <\/strong> 14-963526<\/p>\n<p><strong>C\u00f3digo Convenio Marco : <\/strong> x<\/p>\n","protected":false},"excerpt":{"rendered":"<p>Juego de 2 dados de espuma con n\u00fameros y colores. Dados que fomentan el movimiento y las habilidades motoras utiliz\u00e1ndolos para crear juegos en grupo. Material : Espuma C\u00f3digo Aukinko : 14-963526 C\u00f3digo Convenio Marco : x<\/p>\n","protected":false},"featured_media":630514,"comment_status":"open","ping_status":"closed","template":"","meta":{"_et_pb_use_builder":"","_et_pb_old_content":"","_et_gb_content_width":""},"product_brand":[],"product_cat":[91,18],"product_tag":[],"class_list":{"0":"post-633907","1":"product","2":"type-product","3":"status-publish","4":"has-post-thumbnail","6":"product_cat-accesorios-sala","7":"product_cat-motricidad-gruesa","8":"pa_edad-1-a-2-anos","9":"pa_edad-2-a-3-anos","10":"pa_edad-3-a-4-anos","11":"pa_marca-edx","12":"pa_medidas-7-x-7-cm","14":"first","15":"instock","16":"shipping-taxable","17":"purchasable","18":"product-type-simple"},"aioseo_notices":[],"_links":{"self":[{"href":"https:\/\/aukinkochile.com\/web\/wp-json\/wp\/v2\/product\/633907","targetHints":{"allow":["GET"]}}],"collection":[{"href":"https:\/\/aukinkochile.com\/web\/wp-json\/wp\/v2\/product"}],"about":[{"href":"https:\/\/aukinkochile.com\/web\/wp-json\/wp\/v2\/types\/product"}],"replies":[{"embeddable":true,"href":"https:\/\/aukinkochile.com\/web\/wp-json\/wp\/v2\/comments?post=633907"}],"wp:featuredmedia":[{"embeddable":true,"href":"https:\/\/aukinkochile.com\/web\/wp-json\/wp\/v2\/media\/630514"}],"wp:attachment":[{"href":"https:\/\/aukinkochile.com\/web\/wp-json\/wp\/v2\/media?parent=633907"}],"wp:term":[{"taxonomy":"product_brand","embeddable":true,"href":"https:\/\/aukinkochile.com\/web\/wp-json\/wp\/v2\/product_brand?post=633907"},{"taxonomy":"product_cat","embeddable":true,"href":"https:\/\/aukinkochile.com\/web\/wp-json\/wp\/v2\/product_cat?post=633907"},{"taxonomy":"product_tag","embeddable":true,"href":"https:\/\/aukinkochile.com\/web\/wp-json\/wp\/v2\/product_tag?post=633907"}],"curies":[{"name":"wp","href":"https:\/\/api.w.org\/{rel}","templated":true}]}}