{"id":633906,"date":"2026-02-23T16:34:06","date_gmt":"2026-02-23T16:34:06","guid":{"rendered":"https:\/\/aukinkochile.com\/web\/producto\/clasificar-frutas-108-pz\/"},"modified":"2026-02-23T16:34:08","modified_gmt":"2026-02-23T16:34:08","slug":"clasificar-frutas-108-pz","status":"publish","type":"product","link":"https:\/\/aukinkochile.com\/web\/producto\/clasificar-frutas-108-pz\/","title":{"rendered":"Clasificar Frutas 108 pz"},"content":{"rendered":"<p>Tonel con 108 frutas, pl\u00e1tanos, moras, frutillas, uvas y manzanas. Cada fruta tiene su color y tama\u00f1o correspondiente. Para aprender a clasificar, contar e identificar colores y formas.<\/p>\n<p><p><strong>Material : <\/strong> Goma<\/p>\n<p><strong>C\u00f3digo Aukinko : <\/strong> 14-913120<\/p>\n<p><strong>C\u00f3digo Convenio Marco : <\/strong> x<\/p>\n","protected":false},"excerpt":{"rendered":"<p>Tonel con 108 frutas, pl\u00e1tanos, moras, frutillas, uvas y manzanas. Cada fruta tiene su color y tama\u00f1o correspondiente. Para aprender a clasificar, contar e identificar colores y formas. Material : Goma C\u00f3digo Aukinko : 14-913120 C\u00f3digo Convenio Marco : x<\/p>\n","protected":false},"featured_media":627860,"comment_status":"open","ping_status":"closed","template":"","meta":{"_et_pb_use_builder":"","_et_pb_old_content":"","_et_gb_content_width":""},"product_brand":[],"product_cat":[91,150,90],"product_tag":[],"class_list":{"0":"post-633906","1":"product","2":"type-product","3":"status-publish","4":"has-post-thumbnail","6":"product_cat-accesorios-sala","7":"product_cat-asociacion-y-logica","8":"product_cat-matematicas","9":"pa_edad-3-a-4-anos","10":"pa_edad-4-a-5-anos","11":"pa_edad-5-a-6-anos","12":"pa_edad-6-a-8-anos","13":"pa_marca-edx","14":"pa_medidas-24-x-12","15":"pa_medidas-5-cm","17":"first","18":"instock","19":"shipping-taxable","20":"purchasable","21":"product-type-simple"},"aioseo_notices":[],"_links":{"self":[{"href":"https:\/\/aukinkochile.com\/web\/wp-json\/wp\/v2\/product\/633906","targetHints":{"allow":["GET"]}}],"collection":[{"href":"https:\/\/aukinkochile.com\/web\/wp-json\/wp\/v2\/product"}],"about":[{"href":"https:\/\/aukinkochile.com\/web\/wp-json\/wp\/v2\/types\/product"}],"replies":[{"embeddable":true,"href":"https:\/\/aukinkochile.com\/web\/wp-json\/wp\/v2\/comments?post=633906"}],"wp:featuredmedia":[{"embeddable":true,"href":"https:\/\/aukinkochile.com\/web\/wp-json\/wp\/v2\/media\/627860"}],"wp:attachment":[{"href":"https:\/\/aukinkochile.com\/web\/wp-json\/wp\/v2\/media?parent=633906"}],"wp:term":[{"taxonomy":"product_brand","embeddable":true,"href":"https:\/\/aukinkochile.com\/web\/wp-json\/wp\/v2\/product_brand?post=633906"},{"taxonomy":"product_cat","embeddable":true,"href":"https:\/\/aukinkochile.com\/web\/wp-json\/wp\/v2\/product_cat?post=633906"},{"taxonomy":"product_tag","embeddable":true,"href":"https:\/\/aukinkochile.com\/web\/wp-json\/wp\/v2\/product_tag?post=633906"}],"curies":[{"name":"wp","href":"https:\/\/api.w.org\/{rel}","templated":true}]}}