{"id":633905,"date":"2026-02-23T16:34:05","date_gmt":"2026-02-23T16:34:05","guid":{"rendered":"https:\/\/aukinkochile.com\/web\/producto\/juego-magia-malicius-magus\/"},"modified":"2026-02-23T16:34:06","modified_gmt":"2026-02-23T16:34:06","slug":"juego-magia-malicius-magus","status":"publish","type":"product","link":"https:\/\/aukinkochile.com\/web\/producto\/juego-magia-malicius-magus\/","title":{"rendered":"Juego Magia Malicius Magus"},"content":{"rendered":"<p>Divertido juego de magia, en esta caja m\u00e1gica podr\u00e1s encontrar 20 trucos para realizar. El folleto de instrucciones incluye palabras clave para acceder explicaciones de un mago profesional en un sitio web para el producto.<\/p>\n<p><p><strong>Material : <\/strong> Cart\u00f3n Duro, Madera, Metal y Pl\u00e1stico<\/p>\n<p><strong>C\u00f3digo Aukinko : <\/strong> 14-59964<\/p>\n<p><strong>C\u00f3digo Convenio Marco : <\/strong> x<\/p>\n","protected":false},"excerpt":{"rendered":"<p>Divertido juego de magia, en esta caja m\u00e1gica podr\u00e1s encontrar 20 trucos para realizar. El folleto de instrucciones incluye palabras clave para acceder explicaciones de un mago profesional en un sitio web para el producto. Material : Cart\u00f3n Duro, Madera, Metal y Pl\u00e1stico C\u00f3digo Aukinko : 14-59964 C\u00f3digo Convenio Marco : x<\/p>\n","protected":false},"featured_media":624413,"comment_status":"open","ping_status":"closed","template":"","meta":{"_et_pb_use_builder":"","_et_pb_old_content":"","_et_gb_content_width":""},"product_brand":[],"product_cat":[21,149],"product_tag":[],"class_list":{"0":"post-633905","1":"product","2":"type-product","3":"status-publish","4":"has-post-thumbnail","6":"product_cat-arte-y-manipulacion","7":"product_cat-juegos-de-mesa","8":"pa_edad-6-a-8-anos","9":"pa_edad-8-a-10-anos","10":"pa_marca-djeco","11":"pa_medidas-21-x-22-x-5","12":"pa_medidas-5-cm","14":"first","15":"instock","16":"shipping-taxable","17":"purchasable","18":"product-type-simple"},"aioseo_notices":[],"_links":{"self":[{"href":"https:\/\/aukinkochile.com\/web\/wp-json\/wp\/v2\/product\/633905","targetHints":{"allow":["GET"]}}],"collection":[{"href":"https:\/\/aukinkochile.com\/web\/wp-json\/wp\/v2\/product"}],"about":[{"href":"https:\/\/aukinkochile.com\/web\/wp-json\/wp\/v2\/types\/product"}],"replies":[{"embeddable":true,"href":"https:\/\/aukinkochile.com\/web\/wp-json\/wp\/v2\/comments?post=633905"}],"wp:featuredmedia":[{"embeddable":true,"href":"https:\/\/aukinkochile.com\/web\/wp-json\/wp\/v2\/media\/624413"}],"wp:attachment":[{"href":"https:\/\/aukinkochile.com\/web\/wp-json\/wp\/v2\/media?parent=633905"}],"wp:term":[{"taxonomy":"product_brand","embeddable":true,"href":"https:\/\/aukinkochile.com\/web\/wp-json\/wp\/v2\/product_brand?post=633905"},{"taxonomy":"product_cat","embeddable":true,"href":"https:\/\/aukinkochile.com\/web\/wp-json\/wp\/v2\/product_cat?post=633905"},{"taxonomy":"product_tag","embeddable":true,"href":"https:\/\/aukinkochile.com\/web\/wp-json\/wp\/v2\/product_tag?post=633905"}],"curies":[{"name":"wp","href":"https:\/\/api.w.org\/{rel}","templated":true}]}}