{"id":633904,"date":"2026-02-23T16:34:04","date_gmt":"2026-02-23T16:34:04","guid":{"rendered":"https:\/\/aukinkochile.com\/web\/producto\/juego-magia-incredibile-magus\/"},"modified":"2026-02-23T16:34:05","modified_gmt":"2026-02-23T16:34:05","slug":"juego-magia-incredibile-magus","status":"publish","type":"product","link":"https:\/\/aukinkochile.com\/web\/producto\/juego-magia-incredibile-magus\/","title":{"rendered":"Juego Magia Incredibile Magus"},"content":{"rendered":"<p>Ad\u00e9ntrate en el mundo de la magia y las maravillas&#8230; Con magos reales como gu\u00eda e inspiraci\u00f3n, Djeco ha profundizado en los secretos de la magia y ahora se los est\u00e1 transmitiendo a los ni\u00f1os para que los disfruten. Cada truco viene completo con su propia historia que crea un mundo de maravillas alrededor de los ni\u00f1os y sus fascinantes haza\u00f1as. Los accesorios m\u00e1gicos de alta calidad aumentan la emoci\u00f3n de la simulaci\u00f3n y ayudan a los ni\u00f1os a desarrollar la historia. Incluye manual de instrucciones para ni\u00f1os y ni\u00f1as con palabras clave para acceder al sitio web de magia de Djeco. Contiene 20 trucos para aprender y realizar, desde principiantes hasta magos m\u00e1s expertos.<\/p>\n<p><p><strong>Material : <\/strong> Cart\u00f3n FSC<\/p>\n<p><strong>C\u00f3digo Aukinko : <\/strong> 14-59963<\/p>\n<p><strong>C\u00f3digo Convenio Marco : <\/strong> x<\/p>\n","protected":false},"excerpt":{"rendered":"<p>Ad\u00e9ntrate en el mundo de la magia y las maravillas&#8230; Con magos reales como gu\u00eda e inspiraci\u00f3n, Djeco ha profundizado en los secretos de la magia y ahora se los est\u00e1 transmitiendo a los ni\u00f1os para que los disfruten. Cada truco viene completo con su propia historia que crea un mundo de maravillas alrededor de [&hellip;]<\/p>\n","protected":false},"featured_media":630089,"comment_status":"open","ping_status":"closed","template":"","meta":{"_et_pb_use_builder":"","_et_pb_old_content":"","_et_gb_content_width":""},"product_brand":[],"product_cat":[21,149],"product_tag":[],"class_list":{"0":"post-633904","1":"product","2":"type-product","3":"status-publish","4":"has-post-thumbnail","6":"product_cat-arte-y-manipulacion","7":"product_cat-juegos-de-mesa","8":"pa_edad-10-anos","9":"pa_edad-8-a-10-anos","10":"pa_marca-djeco","11":"pa_medidas-26-x-24-x-6-cm","13":"first","14":"instock","15":"shipping-taxable","16":"purchasable","17":"product-type-simple"},"aioseo_notices":[],"_links":{"self":[{"href":"https:\/\/aukinkochile.com\/web\/wp-json\/wp\/v2\/product\/633904","targetHints":{"allow":["GET"]}}],"collection":[{"href":"https:\/\/aukinkochile.com\/web\/wp-json\/wp\/v2\/product"}],"about":[{"href":"https:\/\/aukinkochile.com\/web\/wp-json\/wp\/v2\/types\/product"}],"replies":[{"embeddable":true,"href":"https:\/\/aukinkochile.com\/web\/wp-json\/wp\/v2\/comments?post=633904"}],"wp:featuredmedia":[{"embeddable":true,"href":"https:\/\/aukinkochile.com\/web\/wp-json\/wp\/v2\/media\/630089"}],"wp:attachment":[{"href":"https:\/\/aukinkochile.com\/web\/wp-json\/wp\/v2\/media?parent=633904"}],"wp:term":[{"taxonomy":"product_brand","embeddable":true,"href":"https:\/\/aukinkochile.com\/web\/wp-json\/wp\/v2\/product_brand?post=633904"},{"taxonomy":"product_cat","embeddable":true,"href":"https:\/\/aukinkochile.com\/web\/wp-json\/wp\/v2\/product_cat?post=633904"},{"taxonomy":"product_tag","embeddable":true,"href":"https:\/\/aukinkochile.com\/web\/wp-json\/wp\/v2\/product_tag?post=633904"}],"curies":[{"name":"wp","href":"https:\/\/api.w.org\/{rel}","templated":true}]}}