{"id":633898,"date":"2026-02-23T16:33:57","date_gmt":"2026-02-23T16:33:57","guid":{"rendered":"https:\/\/aukinkochile.com\/web\/producto\/tatuaje-bang-bang-metal\/"},"modified":"2026-02-23T16:33:58","modified_gmt":"2026-02-23T16:33:58","slug":"tatuaje-bang-bang-metal","status":"publish","type":"product","link":"https:\/\/aukinkochile.com\/web\/producto\/tatuaje-bang-bang-metal\/","title":{"rendered":"Tatuaje Bang Bang Metal"},"content":{"rendered":"<p>Tatuajes para la piel, f\u00e1ciles de poner. Testeados dermatol\u00f3gicamente. De variados y coloridos dise\u00f1os.<\/p>\n<p><p><strong>Material : <\/strong> Papel<\/p>\n<p><strong>C\u00f3digo Aukinko : <\/strong> 14-59577<\/p>\n<p><strong>C\u00f3digo Convenio Marco : <\/strong> x<\/p>\n","protected":false},"excerpt":{"rendered":"<p>Tatuajes para la piel, f\u00e1ciles de poner. Testeados dermatol\u00f3gicamente. De variados y coloridos dise\u00f1os. Material : Papel C\u00f3digo Aukinko : 14-59577 C\u00f3digo Convenio Marco : x<\/p>\n","protected":false},"featured_media":624344,"comment_status":"open","ping_status":"closed","template":"","meta":{"_et_pb_use_builder":"","_et_pb_old_content":"","_et_gb_content_width":""},"product_brand":[],"product_cat":[21],"product_tag":[],"class_list":{"0":"post-633898","1":"product","2":"type-product","3":"status-publish","4":"has-post-thumbnail","6":"product_cat-arte-y-manipulacion","7":"pa_edad-3-a-4-anos","8":"pa_edad-4-a-5-anos","9":"pa_edad-5-a-6-anos","10":"pa_edad-6-a-8-anos","11":"pa_edad-8-a-10-anos","12":"pa_marca-djeco","13":"pa_medidas-4314","14":"pa_medidas-2-cm","15":"pa_medidas-5-x-23-x-0","17":"first","18":"instock","19":"shipping-taxable","20":"purchasable","21":"product-type-simple"},"aioseo_notices":[],"_links":{"self":[{"href":"https:\/\/aukinkochile.com\/web\/wp-json\/wp\/v2\/product\/633898","targetHints":{"allow":["GET"]}}],"collection":[{"href":"https:\/\/aukinkochile.com\/web\/wp-json\/wp\/v2\/product"}],"about":[{"href":"https:\/\/aukinkochile.com\/web\/wp-json\/wp\/v2\/types\/product"}],"replies":[{"embeddable":true,"href":"https:\/\/aukinkochile.com\/web\/wp-json\/wp\/v2\/comments?post=633898"}],"wp:featuredmedia":[{"embeddable":true,"href":"https:\/\/aukinkochile.com\/web\/wp-json\/wp\/v2\/media\/624344"}],"wp:attachment":[{"href":"https:\/\/aukinkochile.com\/web\/wp-json\/wp\/v2\/media?parent=633898"}],"wp:term":[{"taxonomy":"product_brand","embeddable":true,"href":"https:\/\/aukinkochile.com\/web\/wp-json\/wp\/v2\/product_brand?post=633898"},{"taxonomy":"product_cat","embeddable":true,"href":"https:\/\/aukinkochile.com\/web\/wp-json\/wp\/v2\/product_cat?post=633898"},{"taxonomy":"product_tag","embeddable":true,"href":"https:\/\/aukinkochile.com\/web\/wp-json\/wp\/v2\/product_tag?post=633898"}],"curies":[{"name":"wp","href":"https:\/\/api.w.org\/{rel}","templated":true}]}}