{"id":633896,"date":"2026-02-23T16:33:54","date_gmt":"2026-02-23T16:33:54","guid":{"rendered":"https:\/\/aukinkochile.com\/web\/producto\/crear-con-purpurina-onnanako\/"},"modified":"2026-02-23T16:33:55","modified_gmt":"2026-02-23T16:33:55","slug":"crear-con-purpurina-onnanako","status":"publish","type":"product","link":"https:\/\/aukinkochile.com\/web\/producto\/crear-con-purpurina-onnanako\/","title":{"rendered":"Crear con Purpurina Onnanako"},"content":{"rendered":"<p>Con estos cuadros de purpurina de Djeco podr\u00e1s descubrir las mu\u00f1ecas m\u00e1s incre\u00edbles del mundo. Una vez terminada la actividad, los 4 cuadros se iluminan con la purpurina y las lentejuelas. Un juego dise\u00f1ado para despertar la creatividad de los peque\u00f1os. Contiene: 4 tarjetas impresas y con adhesivo de forma redondeada (di\u00e1m. 21 cm), 4 tubos de purpurina, 1 juego de mini lentejuelas, 1 herramienta de pl\u00e1stico, 1 pincel brocha, 4 ganchos adhesivos, 1 manual explicativo paso a paso a color. <\/p>\n<p><p><strong>Material : <\/strong> Cart\u00f3n<\/p>\n<p><strong>C\u00f3digo Aukinko : <\/strong> 14-59523<\/p>\n<p><strong>C\u00f3digo Convenio Marco : <\/strong> x<\/p>\n","protected":false},"excerpt":{"rendered":"<p>Con estos cuadros de purpurina de Djeco podr\u00e1s descubrir las mu\u00f1ecas m\u00e1s incre\u00edbles del mundo. Una vez terminada la actividad, los 4 cuadros se iluminan con la purpurina y las lentejuelas. Un juego dise\u00f1ado para despertar la creatividad de los peque\u00f1os. Contiene: 4 tarjetas impresas y con adhesivo de forma redondeada (di\u00e1m. 21 cm), 4 [&hellip;]<\/p>\n","protected":false},"featured_media":632463,"comment_status":"open","ping_status":"closed","template":"","meta":{"_et_pb_use_builder":"","_et_pb_old_content":"","_et_gb_content_width":""},"product_brand":[],"product_cat":[21,20],"product_tag":[],"class_list":{"0":"post-633896","1":"product","2":"type-product","3":"status-publish","4":"has-post-thumbnail","6":"product_cat-arte-y-manipulacion","7":"product_cat-motricidad-fina","8":"pa_edad-6-a-8-anos","9":"pa_edad-8-a-10-anos","10":"pa_marca-djeco","11":"pa_medidas-17-x-23-x-4-cm","13":"first","14":"instock","15":"shipping-taxable","16":"purchasable","17":"product-type-simple"},"aioseo_notices":[],"_links":{"self":[{"href":"https:\/\/aukinkochile.com\/web\/wp-json\/wp\/v2\/product\/633896","targetHints":{"allow":["GET"]}}],"collection":[{"href":"https:\/\/aukinkochile.com\/web\/wp-json\/wp\/v2\/product"}],"about":[{"href":"https:\/\/aukinkochile.com\/web\/wp-json\/wp\/v2\/types\/product"}],"replies":[{"embeddable":true,"href":"https:\/\/aukinkochile.com\/web\/wp-json\/wp\/v2\/comments?post=633896"}],"wp:featuredmedia":[{"embeddable":true,"href":"https:\/\/aukinkochile.com\/web\/wp-json\/wp\/v2\/media\/632463"}],"wp:attachment":[{"href":"https:\/\/aukinkochile.com\/web\/wp-json\/wp\/v2\/media?parent=633896"}],"wp:term":[{"taxonomy":"product_brand","embeddable":true,"href":"https:\/\/aukinkochile.com\/web\/wp-json\/wp\/v2\/product_brand?post=633896"},{"taxonomy":"product_cat","embeddable":true,"href":"https:\/\/aukinkochile.com\/web\/wp-json\/wp\/v2\/product_cat?post=633896"},{"taxonomy":"product_tag","embeddable":true,"href":"https:\/\/aukinkochile.com\/web\/wp-json\/wp\/v2\/product_tag?post=633896"}],"curies":[{"name":"wp","href":"https:\/\/api.w.org\/{rel}","templated":true}]}}