{"id":633894,"date":"2026-02-23T16:33:52","date_gmt":"2026-02-23T16:33:52","guid":{"rendered":"https:\/\/aukinkochile.com\/web\/producto\/crear-cuadros-purpurina-mariposas\/"},"modified":"2026-02-23T16:33:53","modified_gmt":"2026-02-23T16:33:53","slug":"crear-cuadros-purpurina-mariposas","status":"publish","type":"product","link":"https:\/\/aukinkochile.com\/web\/producto\/crear-cuadros-purpurina-mariposas\/","title":{"rendered":"Crear Cuadros Purpurina Mariposas"},"content":{"rendered":"<p>Manualidad muy divertida que incluye 4 bonitas laminas ilustradas que se iluminan con purpurina. Con una esp\u00e1tula se levantan las partes engomadas siguiendo las numeraciones. 5 purpurinas que vienen en tubos para mayor precisi\u00f3n. Una vez puesta con un pincel se limpian los sobrantes.<\/p>\n<p><p><strong>Material : <\/strong> Papel y Porpurina<\/p>\n<p><strong>C\u00f3digo Aukinko : <\/strong> 14-59503<\/p>\n<p><strong>C\u00f3digo Convenio Marco : <\/strong> x<\/p>\n","protected":false},"excerpt":{"rendered":"<p>Manualidad muy divertida que incluye 4 bonitas laminas ilustradas que se iluminan con purpurina. Con una esp\u00e1tula se levantan las partes engomadas siguiendo las numeraciones. 5 purpurinas que vienen en tubos para mayor precisi\u00f3n. Una vez puesta con un pincel se limpian los sobrantes. Material : Papel y Porpurina C\u00f3digo Aukinko : 14-59503 C\u00f3digo Convenio [&hellip;]<\/p>\n","protected":false},"featured_media":624320,"comment_status":"open","ping_status":"closed","template":"","meta":{"_et_pb_use_builder":"","_et_pb_old_content":"","_et_gb_content_width":""},"product_brand":[],"product_cat":[21,20],"product_tag":[],"class_list":{"0":"post-633894","1":"product","2":"type-product","3":"status-publish","4":"has-post-thumbnail","6":"product_cat-arte-y-manipulacion","7":"product_cat-motricidad-fina","8":"pa_edad-10-anos","9":"pa_edad-6-a-8-anos","10":"pa_edad-8-a-10-anos","11":"pa_marca-djeco","12":"pa_medidas-4320","13":"pa_medidas-5-x-23-x-4-cm","15":"first","16":"instock","17":"shipping-taxable","18":"purchasable","19":"product-type-simple"},"aioseo_notices":[],"_links":{"self":[{"href":"https:\/\/aukinkochile.com\/web\/wp-json\/wp\/v2\/product\/633894","targetHints":{"allow":["GET"]}}],"collection":[{"href":"https:\/\/aukinkochile.com\/web\/wp-json\/wp\/v2\/product"}],"about":[{"href":"https:\/\/aukinkochile.com\/web\/wp-json\/wp\/v2\/types\/product"}],"replies":[{"embeddable":true,"href":"https:\/\/aukinkochile.com\/web\/wp-json\/wp\/v2\/comments?post=633894"}],"wp:featuredmedia":[{"embeddable":true,"href":"https:\/\/aukinkochile.com\/web\/wp-json\/wp\/v2\/media\/624320"}],"wp:attachment":[{"href":"https:\/\/aukinkochile.com\/web\/wp-json\/wp\/v2\/media?parent=633894"}],"wp:term":[{"taxonomy":"product_brand","embeddable":true,"href":"https:\/\/aukinkochile.com\/web\/wp-json\/wp\/v2\/product_brand?post=633894"},{"taxonomy":"product_cat","embeddable":true,"href":"https:\/\/aukinkochile.com\/web\/wp-json\/wp\/v2\/product_cat?post=633894"},{"taxonomy":"product_tag","embeddable":true,"href":"https:\/\/aukinkochile.com\/web\/wp-json\/wp\/v2\/product_tag?post=633894"}],"curies":[{"name":"wp","href":"https:\/\/api.w.org\/{rel}","templated":true}]}}