{"id":633892,"date":"2026-02-23T16:33:49","date_gmt":"2026-02-23T16:33:49","guid":{"rendered":"https:\/\/aukinkochile.com\/web\/producto\/crear-con-cianotipia-noche-en-la-sabana\/"},"modified":"2026-02-23T16:33:50","modified_gmt":"2026-02-23T16:33:50","slug":"crear-con-cianotipia-noche-en-la-sabana","status":"publish","type":"product","link":"https:\/\/aukinkochile.com\/web\/producto\/crear-con-cianotipia-noche-en-la-sabana\/","title":{"rendered":"Crear con Cianotipia Noche en la Sabana"},"content":{"rendered":"<p>Una fant\u00e1stica combinaci\u00f3n de ciencia y manualidades, este kit \u00abCianotipia Noche en la Sabana\u00bb de Djeco incluye todo lo necesario para que ni\u00f1os y adultos se diviertan con sus manualidades. Crea dise\u00f1os en papel fotosensible, ya sea usando los patrones opacos incluidos o cosas que encuentres en casa o en el jard\u00edn. Al exponerse a la luz del sol, los negativos de los patrones se reproducen en el papel. Luego, solo tienes que enjuagar el papel con agua limpia y ver c\u00f3mo aparecen los dise\u00f1os sobre el fondo azul. Contiene 8 hojas de papel fotosensible, un folleto de instrucciones y un mont\u00f3n de ideas para imprimir. Vea las 127 im\u00e1genes de animales y follaje que encontrar\u00eda en Sabana o simplemente junte hojas y cosas en su jard\u00edn para hacer incre\u00edbles obras de arte impresas.<\/p>\n<p><p><strong>Material : <\/strong> Cart\u00f3n y papel<\/p>\n<p><strong>C\u00f3digo Aukinko : <\/strong> 14-59343<\/p>\n<p><strong>C\u00f3digo Convenio Marco : <\/strong> x<\/p>\n","protected":false},"excerpt":{"rendered":"<p>Una fant\u00e1stica combinaci\u00f3n de ciencia y manualidades, este kit \u00abCianotipia Noche en la Sabana\u00bb de Djeco incluye todo lo necesario para que ni\u00f1os y adultos se diviertan con sus manualidades. Crea dise\u00f1os en papel fotosensible, ya sea usando los patrones opacos incluidos o cosas que encuentres en casa o en el jard\u00edn. Al exponerse a [&hellip;]<\/p>\n","protected":false},"featured_media":632415,"comment_status":"open","ping_status":"closed","template":"","meta":{"_et_pb_use_builder":"","_et_pb_old_content":"","_et_gb_content_width":""},"product_brand":[],"product_cat":[21,20],"product_tag":[],"class_list":{"0":"post-633892","1":"product","2":"type-product","3":"status-publish","4":"has-post-thumbnail","6":"product_cat-arte-y-manipulacion","7":"product_cat-motricidad-fina","8":"pa_edad-10-anos","9":"pa_edad-6-a-8-anos","10":"pa_edad-8-a-10-anos","11":"pa_marca-djeco","12":"pa_medidas-23-x-29-x-4-cm","14":"first","15":"instock","16":"shipping-taxable","17":"purchasable","18":"product-type-simple"},"aioseo_notices":[],"_links":{"self":[{"href":"https:\/\/aukinkochile.com\/web\/wp-json\/wp\/v2\/product\/633892","targetHints":{"allow":["GET"]}}],"collection":[{"href":"https:\/\/aukinkochile.com\/web\/wp-json\/wp\/v2\/product"}],"about":[{"href":"https:\/\/aukinkochile.com\/web\/wp-json\/wp\/v2\/types\/product"}],"replies":[{"embeddable":true,"href":"https:\/\/aukinkochile.com\/web\/wp-json\/wp\/v2\/comments?post=633892"}],"wp:featuredmedia":[{"embeddable":true,"href":"https:\/\/aukinkochile.com\/web\/wp-json\/wp\/v2\/media\/632415"}],"wp:attachment":[{"href":"https:\/\/aukinkochile.com\/web\/wp-json\/wp\/v2\/media?parent=633892"}],"wp:term":[{"taxonomy":"product_brand","embeddable":true,"href":"https:\/\/aukinkochile.com\/web\/wp-json\/wp\/v2\/product_brand?post=633892"},{"taxonomy":"product_cat","embeddable":true,"href":"https:\/\/aukinkochile.com\/web\/wp-json\/wp\/v2\/product_cat?post=633892"},{"taxonomy":"product_tag","embeddable":true,"href":"https:\/\/aukinkochile.com\/web\/wp-json\/wp\/v2\/product_tag?post=633892"}],"curies":[{"name":"wp","href":"https:\/\/api.w.org\/{rel}","templated":true}]}}