{"id":633890,"date":"2026-02-23T16:33:47","date_gmt":"2026-02-23T16:33:47","guid":{"rendered":"https:\/\/aukinkochile.com\/web\/producto\/stickers-metalicos-insectos-160-pz\/"},"modified":"2026-02-23T16:33:48","modified_gmt":"2026-02-23T16:33:48","slug":"stickers-metalicos-insectos-160-pz","status":"publish","type":"product","link":"https:\/\/aukinkochile.com\/web\/producto\/stickers-metalicos-insectos-160-pz\/","title":{"rendered":"Stickers Met\u00e1licos Insectos 160 pz"},"content":{"rendered":"<p>Divertida caja de stickers met\u00e1licos inspirados en hermosos insectos. Quedar\u00e1s fascinado con estos dise\u00f1os met\u00e1licos. El paquete incluye 160 pegatinas de diferentes colores y formas. Fabricado en papel y cart\u00f3n con certificaci\u00f3n FSC\u00ae.<\/p>\n<p><p><strong>Material : <\/strong> Papel FSC<\/p>\n<p><strong>C\u00f3digo Aukinko : <\/strong> 14-59282<\/p>\n<p><strong>C\u00f3digo Convenio Marco : <\/strong> x<\/p>\n","protected":false},"excerpt":{"rendered":"<p>Divertida caja de stickers met\u00e1licos inspirados en hermosos insectos. Quedar\u00e1s fascinado con estos dise\u00f1os met\u00e1licos. El paquete incluye 160 pegatinas de diferentes colores y formas. Fabricado en papel y cart\u00f3n con certificaci\u00f3n FSC\u00ae. Material : Papel FSC C\u00f3digo Aukinko : 14-59282 C\u00f3digo Convenio Marco : x<\/p>\n","protected":false},"featured_media":632387,"comment_status":"open","ping_status":"closed","template":"","meta":{"_et_pb_use_builder":"","_et_pb_old_content":"","_et_gb_content_width":""},"product_brand":[],"product_cat":[21],"product_tag":[],"class_list":{"0":"post-633890","1":"product","2":"type-product","3":"status-publish","4":"has-post-thumbnail","6":"product_cat-arte-y-manipulacion","7":"pa_edad-4-a-5-anos","8":"pa_edad-5-a-6-anos","9":"pa_edad-6-a-8-anos","10":"pa_marca-djeco","11":"pa_medidas-24-x-23-x-1-cm","13":"first","14":"instock","15":"shipping-taxable","16":"purchasable","17":"product-type-simple"},"aioseo_notices":[],"_links":{"self":[{"href":"https:\/\/aukinkochile.com\/web\/wp-json\/wp\/v2\/product\/633890","targetHints":{"allow":["GET"]}}],"collection":[{"href":"https:\/\/aukinkochile.com\/web\/wp-json\/wp\/v2\/product"}],"about":[{"href":"https:\/\/aukinkochile.com\/web\/wp-json\/wp\/v2\/types\/product"}],"replies":[{"embeddable":true,"href":"https:\/\/aukinkochile.com\/web\/wp-json\/wp\/v2\/comments?post=633890"}],"wp:featuredmedia":[{"embeddable":true,"href":"https:\/\/aukinkochile.com\/web\/wp-json\/wp\/v2\/media\/632387"}],"wp:attachment":[{"href":"https:\/\/aukinkochile.com\/web\/wp-json\/wp\/v2\/media?parent=633890"}],"wp:term":[{"taxonomy":"product_brand","embeddable":true,"href":"https:\/\/aukinkochile.com\/web\/wp-json\/wp\/v2\/product_brand?post=633890"},{"taxonomy":"product_cat","embeddable":true,"href":"https:\/\/aukinkochile.com\/web\/wp-json\/wp\/v2\/product_cat?post=633890"},{"taxonomy":"product_tag","embeddable":true,"href":"https:\/\/aukinkochile.com\/web\/wp-json\/wp\/v2\/product_tag?post=633890"}],"curies":[{"name":"wp","href":"https:\/\/api.w.org\/{rel}","templated":true}]}}