{"id":633889,"date":"2026-02-23T16:33:46","date_gmt":"2026-02-23T16:33:46","guid":{"rendered":"https:\/\/aukinkochile.com\/web\/producto\/stickers-texturas-fantasia-medieval\/"},"modified":"2026-02-23T16:33:47","modified_gmt":"2026-02-23T16:33:47","slug":"stickers-texturas-fantasia-medieval","status":"publish","type":"product","link":"https:\/\/aukinkochile.com\/web\/producto\/stickers-texturas-fantasia-medieval\/","title":{"rendered":"Stickers Texturas Fantas\u00eda Medieval"},"content":{"rendered":"<p>Una colecci\u00f3n de 160 stickers de personajes medievales metalizados. Incluye 4 hojas de 200 x 200 mm: 2 x 2 dise\u00f1os. Fabricado en papel y cart\u00f3n FSC certificado. Un juego ideal para que los mas peque\u00f1os creen historias estimulando el desarrollo del lenguaje y dejando volar su imaginaci\u00f3n.<\/p>\n<p><p><strong>Material : <\/strong> Papel y Cart\u00f3n FSC<\/p>\n<p><strong>C\u00f3digo Aukinko : <\/strong> 14-59277<\/p>\n<p><strong>C\u00f3digo Convenio Marco : <\/strong> x<\/p>\n","protected":false},"excerpt":{"rendered":"<p>Una colecci\u00f3n de 160 stickers de personajes medievales metalizados. Incluye 4 hojas de 200 x 200 mm: 2 x 2 dise\u00f1os. Fabricado en papel y cart\u00f3n FSC certificado. Un juego ideal para que los mas peque\u00f1os creen historias estimulando el desarrollo del lenguaje y dejando volar su imaginaci\u00f3n. Material : Papel y Cart\u00f3n FSC C\u00f3digo [&hellip;]<\/p>\n","protected":false},"featured_media":624277,"comment_status":"open","ping_status":"closed","template":"","meta":{"_et_pb_use_builder":"","_et_pb_old_content":"","_et_gb_content_width":""},"product_brand":[],"product_cat":[21],"product_tag":[],"class_list":{"0":"post-633889","1":"product","2":"type-product","3":"status-publish","4":"has-post-thumbnail","6":"product_cat-arte-y-manipulacion","7":"pa_edad-4-a-5-anos","8":"pa_edad-5-a-6-anos","9":"pa_edad-6-a-8-anos","10":"pa_marca-djeco","11":"pa_medidas-22-x-23-x-0","12":"pa_medidas-3-cm","14":"first","15":"instock","16":"shipping-taxable","17":"purchasable","18":"product-type-simple"},"aioseo_notices":[],"_links":{"self":[{"href":"https:\/\/aukinkochile.com\/web\/wp-json\/wp\/v2\/product\/633889","targetHints":{"allow":["GET"]}}],"collection":[{"href":"https:\/\/aukinkochile.com\/web\/wp-json\/wp\/v2\/product"}],"about":[{"href":"https:\/\/aukinkochile.com\/web\/wp-json\/wp\/v2\/types\/product"}],"replies":[{"embeddable":true,"href":"https:\/\/aukinkochile.com\/web\/wp-json\/wp\/v2\/comments?post=633889"}],"wp:featuredmedia":[{"embeddable":true,"href":"https:\/\/aukinkochile.com\/web\/wp-json\/wp\/v2\/media\/624277"}],"wp:attachment":[{"href":"https:\/\/aukinkochile.com\/web\/wp-json\/wp\/v2\/media?parent=633889"}],"wp:term":[{"taxonomy":"product_brand","embeddable":true,"href":"https:\/\/aukinkochile.com\/web\/wp-json\/wp\/v2\/product_brand?post=633889"},{"taxonomy":"product_cat","embeddable":true,"href":"https:\/\/aukinkochile.com\/web\/wp-json\/wp\/v2\/product_cat?post=633889"},{"taxonomy":"product_tag","embeddable":true,"href":"https:\/\/aukinkochile.com\/web\/wp-json\/wp\/v2\/product_tag?post=633889"}],"curies":[{"name":"wp","href":"https:\/\/api.w.org\/{rel}","templated":true}]}}