{"id":633888,"date":"2026-02-23T16:33:44","date_gmt":"2026-02-23T16:33:44","guid":{"rendered":"https:\/\/aukinkochile.com\/web\/producto\/stickers-jardin\/"},"modified":"2026-02-23T16:33:46","modified_gmt":"2026-02-23T16:33:46","slug":"stickers-jardin","status":"publish","type":"product","link":"https:\/\/aukinkochile.com\/web\/producto\/stickers-jardin\/","title":{"rendered":"Stickers Jard\u00edn"},"content":{"rendered":"<p>Una colecci\u00f3n de 160 stickers de hermosos animales del jard\u00edn. Incluye 2 hojas duplicadas. fabricado en papel y cart\u00f3n fsc certificado. Un juego ideal para que los mas peque\u00f1os creen historias estimulando el desarrollo del lenguaje y dejando volar su imaginaci\u00f3n.<\/p>\n<p><p><strong>Material : <\/strong> Papel y Cart\u00f3n FSC<\/p>\n<p><strong>C\u00f3digo Aukinko : <\/strong> 14-59272<\/p>\n<p><strong>C\u00f3digo Convenio Marco : <\/strong> x<\/p>\n","protected":false},"excerpt":{"rendered":"<p>Una colecci\u00f3n de 160 stickers de hermosos animales del jard\u00edn. Incluye 2 hojas duplicadas. fabricado en papel y cart\u00f3n fsc certificado. Un juego ideal para que los mas peque\u00f1os creen historias estimulando el desarrollo del lenguaje y dejando volar su imaginaci\u00f3n. Material : Papel y Cart\u00f3n FSC C\u00f3digo Aukinko : 14-59272 C\u00f3digo Convenio Marco : [&hellip;]<\/p>\n","protected":false},"featured_media":624273,"comment_status":"open","ping_status":"closed","template":"","meta":{"_et_pb_use_builder":"","_et_pb_old_content":"","_et_gb_content_width":""},"product_brand":[],"product_cat":[21],"product_tag":[],"class_list":{"0":"post-633888","1":"product","2":"type-product","3":"status-publish","4":"has-post-thumbnail","6":"product_cat-arte-y-manipulacion","7":"pa_edad-4-a-5-anos","8":"pa_edad-5-a-6-anos","9":"pa_edad-6-a-8-anos","10":"pa_marca-djeco","11":"pa_medidas-22-x-23-x-0","12":"pa_medidas-3-cm","14":"first","15":"instock","16":"shipping-taxable","17":"purchasable","18":"product-type-simple"},"aioseo_notices":[],"_links":{"self":[{"href":"https:\/\/aukinkochile.com\/web\/wp-json\/wp\/v2\/product\/633888","targetHints":{"allow":["GET"]}}],"collection":[{"href":"https:\/\/aukinkochile.com\/web\/wp-json\/wp\/v2\/product"}],"about":[{"href":"https:\/\/aukinkochile.com\/web\/wp-json\/wp\/v2\/types\/product"}],"replies":[{"embeddable":true,"href":"https:\/\/aukinkochile.com\/web\/wp-json\/wp\/v2\/comments?post=633888"}],"wp:featuredmedia":[{"embeddable":true,"href":"https:\/\/aukinkochile.com\/web\/wp-json\/wp\/v2\/media\/624273"}],"wp:attachment":[{"href":"https:\/\/aukinkochile.com\/web\/wp-json\/wp\/v2\/media?parent=633888"}],"wp:term":[{"taxonomy":"product_brand","embeddable":true,"href":"https:\/\/aukinkochile.com\/web\/wp-json\/wp\/v2\/product_brand?post=633888"},{"taxonomy":"product_cat","embeddable":true,"href":"https:\/\/aukinkochile.com\/web\/wp-json\/wp\/v2\/product_cat?post=633888"},{"taxonomy":"product_tag","embeddable":true,"href":"https:\/\/aukinkochile.com\/web\/wp-json\/wp\/v2\/product_tag?post=633888"}],"curies":[{"name":"wp","href":"https:\/\/api.w.org\/{rel}","templated":true}]}}