{"id":633884,"date":"2026-02-23T16:33:40","date_gmt":"2026-02-23T16:33:40","guid":{"rendered":"https:\/\/aukinkochile.com\/web\/producto\/herramientas-para-pintar\/"},"modified":"2026-02-23T16:33:41","modified_gmt":"2026-02-23T16:33:41","slug":"herramientas-para-pintar","status":"publish","type":"product","link":"https:\/\/aukinkochile.com\/web\/producto\/herramientas-para-pintar\/","title":{"rendered":"Herramientas para Pintar"},"content":{"rendered":"<p>Los m\u00e1s peque\u00f1os podr\u00e1n dejar volar su creatividad con estas nuevas herramientas para pintar de una manera diferente. Herramientas de pintura verdaderamente originales dise\u00f1adas para ni\u00f1os y ni\u00f1as peque\u00f1os. Instrucciones incluidas para cada herramienta. Contiene: 6 herramientas de madera, 6 esponjas y 8 tarjetas de instrucciones. Fabricado con madera con certificaci\u00f3n FSC.<\/p>\n<p><p><strong>Material : <\/strong> Madera FSC<\/p>\n<p><strong>C\u00f3digo Aukinko : <\/strong> 14-59014<\/p>\n<p><strong>C\u00f3digo Convenio Marco : <\/strong> x<\/p>\n","protected":false},"excerpt":{"rendered":"<p>Los m\u00e1s peque\u00f1os podr\u00e1n dejar volar su creatividad con estas nuevas herramientas para pintar de una manera diferente. Herramientas de pintura verdaderamente originales dise\u00f1adas para ni\u00f1os y ni\u00f1as peque\u00f1os. Instrucciones incluidas para cada herramienta. Contiene: 6 herramientas de madera, 6 esponjas y 8 tarjetas de instrucciones. Fabricado con madera con certificaci\u00f3n FSC. Material : Madera [&hellip;]<\/p>\n","protected":false},"featured_media":632352,"comment_status":"open","ping_status":"closed","template":"","meta":{"_et_pb_use_builder":"","_et_pb_old_content":"","_et_gb_content_width":""},"product_brand":[],"product_cat":[21],"product_tag":[],"class_list":{"0":"post-633884","1":"product","2":"type-product","3":"status-publish","4":"has-post-thumbnail","6":"product_cat-arte-y-manipulacion","7":"pa_edad-3-a-4-anos","8":"pa_edad-4-a-5-anos","9":"pa_edad-5-a-6-anos","10":"pa_marca-djeco","11":"pa_medidas-22-x-22-x-6-cm","13":"first","14":"instock","15":"shipping-taxable","16":"purchasable","17":"product-type-simple"},"aioseo_notices":[],"_links":{"self":[{"href":"https:\/\/aukinkochile.com\/web\/wp-json\/wp\/v2\/product\/633884","targetHints":{"allow":["GET"]}}],"collection":[{"href":"https:\/\/aukinkochile.com\/web\/wp-json\/wp\/v2\/product"}],"about":[{"href":"https:\/\/aukinkochile.com\/web\/wp-json\/wp\/v2\/types\/product"}],"replies":[{"embeddable":true,"href":"https:\/\/aukinkochile.com\/web\/wp-json\/wp\/v2\/comments?post=633884"}],"wp:featuredmedia":[{"embeddable":true,"href":"https:\/\/aukinkochile.com\/web\/wp-json\/wp\/v2\/media\/632352"}],"wp:attachment":[{"href":"https:\/\/aukinkochile.com\/web\/wp-json\/wp\/v2\/media?parent=633884"}],"wp:term":[{"taxonomy":"product_brand","embeddable":true,"href":"https:\/\/aukinkochile.com\/web\/wp-json\/wp\/v2\/product_brand?post=633884"},{"taxonomy":"product_cat","embeddable":true,"href":"https:\/\/aukinkochile.com\/web\/wp-json\/wp\/v2\/product_cat?post=633884"},{"taxonomy":"product_tag","embeddable":true,"href":"https:\/\/aukinkochile.com\/web\/wp-json\/wp\/v2\/product_tag?post=633884"}],"curies":[{"name":"wp","href":"https:\/\/api.w.org\/{rel}","templated":true}]}}