{"id":633876,"date":"2026-02-23T16:33:30","date_gmt":"2026-02-23T16:33:30","guid":{"rendered":"https:\/\/aukinkochile.com\/web\/producto\/juego-de-mesa-gran-pirata\/"},"modified":"2026-02-23T16:33:31","modified_gmt":"2026-02-23T16:33:31","slug":"juego-de-mesa-gran-pirata","status":"publish","type":"product","link":"https:\/\/aukinkochile.com\/web\/producto\/juego-de-mesa-gran-pirata\/","title":{"rendered":"Juego de Mesa Gran Pirata"},"content":{"rendered":"<p>Un juego para convertirte en el marinero m\u00e1s atrevido y audaz! \u00bfQui\u00e9n robar\u00e1 el tesoro del gran pirata? En este emocionante juego de estrategia de Djeco ser\u00e1 importante crear una estrategia con tus compa\u00f1eros para enga\u00f1ar al pirata. A\u00fan as\u00ed, el big pirate es muy \u00e1gil y astuto. Utiliza las cartas de loro para volar y escapar de su garfio o la carta palmera para esconderte cuando est\u00e9 cerca. Ganar\u00e1n cuando recuperen el tesoro. Recomendado a partir de 5 a\u00f1os.<\/p>\n<p><p><strong>Material : <\/strong> Cart\u00f3n Grueso y Madera<\/p>\n<p><strong>C\u00f3digo Aukinko : <\/strong> 14-58423<\/p>\n<p><strong>C\u00f3digo Convenio Marco : <\/strong> x<\/p>\n","protected":false},"excerpt":{"rendered":"<p>Un juego para convertirte en el marinero m\u00e1s atrevido y audaz! \u00bfQui\u00e9n robar\u00e1 el tesoro del gran pirata? En este emocionante juego de estrategia de Djeco ser\u00e1 importante crear una estrategia con tus compa\u00f1eros para enga\u00f1ar al pirata. A\u00fan as\u00ed, el big pirate es muy \u00e1gil y astuto. Utiliza las cartas de loro para volar [&hellip;]<\/p>\n","protected":false},"featured_media":624125,"comment_status":"open","ping_status":"closed","template":"","meta":{"_et_pb_use_builder":"","_et_pb_old_content":"","_et_gb_content_width":""},"product_brand":[],"product_cat":[149],"product_tag":[],"class_list":{"0":"post-633876","1":"product","2":"type-product","3":"status-publish","4":"has-post-thumbnail","6":"product_cat-juegos-de-mesa","7":"pa_edad-10-anos","8":"pa_edad-5-a-6-anos","9":"pa_edad-6-a-8-anos","10":"pa_edad-8-a-10-anos","11":"pa_marca-djeco","12":"pa_medidas-29-x-29-x-4-cm","14":"first","15":"instock","16":"shipping-taxable","17":"purchasable","18":"product-type-simple"},"aioseo_notices":[],"_links":{"self":[{"href":"https:\/\/aukinkochile.com\/web\/wp-json\/wp\/v2\/product\/633876","targetHints":{"allow":["GET"]}}],"collection":[{"href":"https:\/\/aukinkochile.com\/web\/wp-json\/wp\/v2\/product"}],"about":[{"href":"https:\/\/aukinkochile.com\/web\/wp-json\/wp\/v2\/types\/product"}],"replies":[{"embeddable":true,"href":"https:\/\/aukinkochile.com\/web\/wp-json\/wp\/v2\/comments?post=633876"}],"wp:featuredmedia":[{"embeddable":true,"href":"https:\/\/aukinkochile.com\/web\/wp-json\/wp\/v2\/media\/624125"}],"wp:attachment":[{"href":"https:\/\/aukinkochile.com\/web\/wp-json\/wp\/v2\/media?parent=633876"}],"wp:term":[{"taxonomy":"product_brand","embeddable":true,"href":"https:\/\/aukinkochile.com\/web\/wp-json\/wp\/v2\/product_brand?post=633876"},{"taxonomy":"product_cat","embeddable":true,"href":"https:\/\/aukinkochile.com\/web\/wp-json\/wp\/v2\/product_cat?post=633876"},{"taxonomy":"product_tag","embeddable":true,"href":"https:\/\/aukinkochile.com\/web\/wp-json\/wp\/v2\/product_tag?post=633876"}],"curies":[{"name":"wp","href":"https:\/\/api.w.org\/{rel}","templated":true}]}}