{"id":633874,"date":"2026-02-23T16:33:27","date_gmt":"2026-02-23T16:33:27","guid":{"rendered":"https:\/\/aukinkochile.com\/web\/producto\/crear-pulseras-de-papel\/"},"modified":"2026-02-23T16:33:28","modified_gmt":"2026-02-23T16:33:28","slug":"crear-pulseras-de-papel","status":"publish","type":"product","link":"https:\/\/aukinkochile.com\/web\/producto\/crear-pulseras-de-papel\/","title":{"rendered":"Crear Pulseras de Papel"},"content":{"rendered":"<p>Kit para hacer pulseras decorativas de papel en forma de rollos. Haz regalos \u00fanicos. El set incluye 20 hojas de papel de colores, 6 palitos de madera, 6 hilos el\u00e1sticos, 6 colgantes en forma de estrellas, 6 pompones, pegamento e instrucciones. <\/p>\n<p><p><strong>Material : <\/strong> Cart\u00f3n FSC<\/p>\n<p><strong>C\u00f3digo Aukinko : <\/strong> 14-57971<\/p>\n<p><strong>C\u00f3digo Convenio Marco : <\/strong> x<\/p>\n","protected":false},"excerpt":{"rendered":"<p>Kit para hacer pulseras decorativas de papel en forma de rollos. Haz regalos \u00fanicos. El set incluye 20 hojas de papel de colores, 6 palitos de madera, 6 hilos el\u00e1sticos, 6 colgantes en forma de estrellas, 6 pompones, pegamento e instrucciones. Material : Cart\u00f3n FSC C\u00f3digo Aukinko : 14-57971 C\u00f3digo Convenio Marco : x<\/p>\n","protected":false},"featured_media":602384,"comment_status":"open","ping_status":"closed","template":"","meta":{"_et_pb_use_builder":"","_et_pb_old_content":"","_et_gb_content_width":""},"product_brand":[],"product_cat":[21,20],"product_tag":[],"class_list":{"0":"post-633874","1":"product","2":"type-product","3":"status-publish","4":"has-post-thumbnail","6":"product_cat-arte-y-manipulacion","7":"product_cat-motricidad-fina","8":"pa_edad-10-anos","9":"pa_edad-6-a-8-anos","10":"pa_edad-8-a-10-anos","11":"pa_marca-djeco","12":"pa_medidas-20-x-3","13":"pa_medidas-5-x-20-cm","15":"first","16":"instock","17":"shipping-taxable","18":"purchasable","19":"product-type-simple"},"aioseo_notices":[],"_links":{"self":[{"href":"https:\/\/aukinkochile.com\/web\/wp-json\/wp\/v2\/product\/633874","targetHints":{"allow":["GET"]}}],"collection":[{"href":"https:\/\/aukinkochile.com\/web\/wp-json\/wp\/v2\/product"}],"about":[{"href":"https:\/\/aukinkochile.com\/web\/wp-json\/wp\/v2\/types\/product"}],"replies":[{"embeddable":true,"href":"https:\/\/aukinkochile.com\/web\/wp-json\/wp\/v2\/comments?post=633874"}],"wp:featuredmedia":[{"embeddable":true,"href":"https:\/\/aukinkochile.com\/web\/wp-json\/wp\/v2\/media\/602384"}],"wp:attachment":[{"href":"https:\/\/aukinkochile.com\/web\/wp-json\/wp\/v2\/media?parent=633874"}],"wp:term":[{"taxonomy":"product_brand","embeddable":true,"href":"https:\/\/aukinkochile.com\/web\/wp-json\/wp\/v2\/product_brand?post=633874"},{"taxonomy":"product_cat","embeddable":true,"href":"https:\/\/aukinkochile.com\/web\/wp-json\/wp\/v2\/product_cat?post=633874"},{"taxonomy":"product_tag","embeddable":true,"href":"https:\/\/aukinkochile.com\/web\/wp-json\/wp\/v2\/product_tag?post=633874"}],"curies":[{"name":"wp","href":"https:\/\/api.w.org\/{rel}","templated":true}]}}