{"id":633873,"date":"2026-02-23T16:33:26","date_gmt":"2026-02-23T16:33:26","guid":{"rendered":"https:\/\/aukinkochile.com\/web\/producto\/crear-porta-velas-papel\/"},"modified":"2026-02-23T16:33:27","modified_gmt":"2026-02-23T16:33:27","slug":"crear-porta-velas-papel","status":"publish","type":"product","link":"https:\/\/aukinkochile.com\/web\/producto\/crear-porta-velas-papel\/","title":{"rendered":"Crear Porta Velas Papel"},"content":{"rendered":"<p>Un kit creativo con 2 faroles de papel para tejer con palitos de bamb\u00fa natural. Simplemente sigue las instrucciones impresas en la parte posterior de los faroles para aprender a tejer el papel. Una vez tejidos, puedes colocar los delicados faroles sobre las tablas de nen\u00fafares incluidas para crear un ambiente acogedor, tanto de d\u00eda como de noche. Tejer con papel ayuda a desarrollar la precisi\u00f3n y la concentraci\u00f3n. Incluye 2 velas LED con temporizador de 30 minutos para ahorrar pilas. Contiene: 2 faroles de papel para tejer en 2 tama\u00f1os (+ 2 extra para practicar), 2 juegos de 15 palitos de bamb\u00fa (2 longitudes diferentes), 1 hoja de pegatinas de doble cara, 2 velas LED (pilas incluidas), 2 tableros decorativos para los faroles y 1 manual de instrucciones paso a paso. Fabricado en papel y cart\u00f3n con certificaci\u00f3n FSC\u00ae.<\/p>\n<p><p><strong>Material : <\/strong> Cart\u00f3n FSC<\/p>\n<p><strong>C\u00f3digo Aukinko : <\/strong> 14-57968<\/p>\n<p><strong>C\u00f3digo Convenio Marco : <\/strong> x<\/p>\n","protected":false},"excerpt":{"rendered":"<p>Un kit creativo con 2 faroles de papel para tejer con palitos de bamb\u00fa natural. Simplemente sigue las instrucciones impresas en la parte posterior de los faroles para aprender a tejer el papel. Una vez tejidos, puedes colocar los delicados faroles sobre las tablas de nen\u00fafares incluidas para crear un ambiente acogedor, tanto de d\u00eda [&hellip;]<\/p>\n","protected":false},"featured_media":632251,"comment_status":"open","ping_status":"closed","template":"","meta":{"_et_pb_use_builder":"","_et_pb_old_content":"","_et_gb_content_width":""},"product_brand":[],"product_cat":[21,20],"product_tag":[],"class_list":{"0":"post-633873","1":"product","2":"type-product","3":"status-publish","4":"has-post-thumbnail","6":"product_cat-arte-y-manipulacion","7":"product_cat-motricidad-fina","8":"pa_edad-10-anos","9":"pa_edad-6-a-8-anos","10":"pa_edad-8-a-10-anos","11":"pa_marca-djeco","12":"pa_medidas-20-x-20-x-5-cm","14":"first","15":"instock","16":"shipping-taxable","17":"purchasable","18":"product-type-simple"},"aioseo_notices":[],"_links":{"self":[{"href":"https:\/\/aukinkochile.com\/web\/wp-json\/wp\/v2\/product\/633873","targetHints":{"allow":["GET"]}}],"collection":[{"href":"https:\/\/aukinkochile.com\/web\/wp-json\/wp\/v2\/product"}],"about":[{"href":"https:\/\/aukinkochile.com\/web\/wp-json\/wp\/v2\/types\/product"}],"replies":[{"embeddable":true,"href":"https:\/\/aukinkochile.com\/web\/wp-json\/wp\/v2\/comments?post=633873"}],"wp:featuredmedia":[{"embeddable":true,"href":"https:\/\/aukinkochile.com\/web\/wp-json\/wp\/v2\/media\/632251"}],"wp:attachment":[{"href":"https:\/\/aukinkochile.com\/web\/wp-json\/wp\/v2\/media?parent=633873"}],"wp:term":[{"taxonomy":"product_brand","embeddable":true,"href":"https:\/\/aukinkochile.com\/web\/wp-json\/wp\/v2\/product_brand?post=633873"},{"taxonomy":"product_cat","embeddable":true,"href":"https:\/\/aukinkochile.com\/web\/wp-json\/wp\/v2\/product_cat?post=633873"},{"taxonomy":"product_tag","embeddable":true,"href":"https:\/\/aukinkochile.com\/web\/wp-json\/wp\/v2\/product_tag?post=633873"}],"curies":[{"name":"wp","href":"https:\/\/api.w.org\/{rel}","templated":true}]}}