{"id":633869,"date":"2026-02-23T16:33:21","date_gmt":"2026-02-23T16:33:21","guid":{"rendered":"https:\/\/aukinkochile.com\/web\/producto\/puzle-observacion-35-pz-la-orquesta\/"},"modified":"2026-02-23T16:33:22","modified_gmt":"2026-02-23T16:33:22","slug":"puzle-observacion-35-pz-la-orquesta","status":"publish","type":"product","link":"https:\/\/aukinkochile.com\/web\/producto\/puzle-observacion-35-pz-la-orquesta\/","title":{"rendered":"Puzle Observaci\u00f3n 35 pz La Orquesta"},"content":{"rendered":"<p>Entretenido y colorido Puzle de 50 piezas, viene en una hermosa caja de forma \u00fanica con hermoso dise\u00f1o.<\/p>\n<p><p><strong>Material : <\/strong> Cart\u00f3n FSC<\/p>\n<p><strong>C\u00f3digo Aukinko : <\/strong> 14-57588<\/p>\n<p><strong>C\u00f3digo Convenio Marco : <\/strong> x<\/p>\n","protected":false},"excerpt":{"rendered":"<p>Entretenido y colorido Puzle de 50 piezas, viene en una hermosa caja de forma \u00fanica con hermoso dise\u00f1o. Material : Cart\u00f3n FSC C\u00f3digo Aukinko : 14-57588 C\u00f3digo Convenio Marco : x<\/p>\n","protected":false},"featured_media":624004,"comment_status":"open","ping_status":"closed","template":"","meta":{"_et_pb_use_builder":"","_et_pb_old_content":"","_et_gb_content_width":""},"product_brand":[],"product_cat":[20,22],"product_tag":[],"class_list":{"0":"post-633869","1":"product","2":"type-product","3":"status-publish","4":"has-post-thumbnail","6":"product_cat-motricidad-fina","7":"product_cat-puzzles","8":"pa_edad-4-a-5-anos","9":"pa_edad-5-a-6-anos","10":"pa_edad-6-a-8-anos","11":"pa_marca-djeco","12":"pa_medidas-61-x-38-cm","14":"first","15":"instock","16":"shipping-taxable","17":"purchasable","18":"product-type-simple"},"aioseo_notices":[],"_links":{"self":[{"href":"https:\/\/aukinkochile.com\/web\/wp-json\/wp\/v2\/product\/633869","targetHints":{"allow":["GET"]}}],"collection":[{"href":"https:\/\/aukinkochile.com\/web\/wp-json\/wp\/v2\/product"}],"about":[{"href":"https:\/\/aukinkochile.com\/web\/wp-json\/wp\/v2\/types\/product"}],"replies":[{"embeddable":true,"href":"https:\/\/aukinkochile.com\/web\/wp-json\/wp\/v2\/comments?post=633869"}],"wp:featuredmedia":[{"embeddable":true,"href":"https:\/\/aukinkochile.com\/web\/wp-json\/wp\/v2\/media\/624004"}],"wp:attachment":[{"href":"https:\/\/aukinkochile.com\/web\/wp-json\/wp\/v2\/media?parent=633869"}],"wp:term":[{"taxonomy":"product_brand","embeddable":true,"href":"https:\/\/aukinkochile.com\/web\/wp-json\/wp\/v2\/product_brand?post=633869"},{"taxonomy":"product_cat","embeddable":true,"href":"https:\/\/aukinkochile.com\/web\/wp-json\/wp\/v2\/product_cat?post=633869"},{"taxonomy":"product_tag","embeddable":true,"href":"https:\/\/aukinkochile.com\/web\/wp-json\/wp\/v2\/product_tag?post=633869"}],"curies":[{"name":"wp","href":"https:\/\/api.w.org\/{rel}","templated":true}]}}